{"id":11213,"date":"2023-07-21T15:15:18","date_gmt":"2023-07-21T13:15:18","guid":{"rendered":"https:\/\/www.sk-uvgele.de\/?page_id=11213"},"modified":"2024-12-02T12:58:32","modified_gmt":"2024-12-02T11:58:32","slug":"pro-con-broschure","status":"publish","type":"page","link":"https:\/\/www.sk-uvgele.de\/en\/pro-con-broschure\/","title":{"rendered":"PRO CON Catalog"},"content":{"rendered":"<div data-elementor-type=\"wp-page\" data-elementor-id=\"11213\" class=\"elementor elementor-11213\" data-elementor-post-type=\"page\">\n\t\t\t\t\t\t<section class=\"elementor-section elementor-top-section elementor-element elementor-element-4da7a90 elementor-section-full_width elementor-section-stretched elementor-section-height-default elementor-section-height-default\" data-id=\"4da7a90\" data-element_type=\"section\" data-e-type=\"section\" data-settings=\"{&quot;background_background&quot;:&quot;classic&quot;,&quot;stretch_section&quot;:&quot;section-stretched&quot;}\">\n\t\t\t\t\t\t<div class=\"elementor-container elementor-column-gap-no\">\n\t\t\t\t\t<div class=\"elementor-column elementor-col-100 elementor-top-column elementor-element elementor-element-b809853\" data-id=\"b809853\" data-element_type=\"column\" data-e-type=\"column\">\n\t\t\t<div class=\"elementor-widget-wrap elementor-element-populated\">\n\t\t\t\t\t\t<div class=\"elementor-element elementor-element-65ea4dc elementor-widget elementor-widget-heading\" data-id=\"65ea4dc\" data-element_type=\"widget\" data-e-type=\"widget\" data-widget_type=\"heading.default\">\n\t\t\t\t<div class=\"elementor-widget-container\">\n\t\t\t\t\t<h1 class=\"elementor-heading-title elementor-size-default\">PRO CON Booklet<\/h1>\t\t\t\t<\/div>\n\t\t\t\t<\/div>\n\t\t\t\t\t<\/div>\n\t\t<\/div>\n\t\t\t\t\t<\/div>\n\t\t<\/section>\n\t\t<div class=\"elementor-element elementor-element-daa1a01 e-flex e-con-boxed e-con e-parent\" data-id=\"daa1a01\" data-element_type=\"container\" data-e-type=\"container\">\n\t\t\t\t\t<div class=\"e-con-inner\">\n\t\t<div class=\"elementor-element elementor-element-1d2a9f3 e-con-full e-flex e-con e-child\" data-id=\"1d2a9f3\" data-element_type=\"container\" data-e-type=\"container\">\n\t\t\t\t<div class=\"elementor-element elementor-element-75250d4 elementor-invisible elementor-widget elementor-widget-heading\" data-id=\"75250d4\" data-element_type=\"widget\" data-e-type=\"widget\" data-settings=\"{&quot;_animation&quot;:&quot;fadeInUp&quot;}\" data-widget_type=\"heading.default\">\n\t\t\t\t<div class=\"elementor-widget-container\">\n\t\t\t\t\t<h2 class=\"elementor-heading-title elementor-size-default\">Revolutionise the market with us today: PRO CON<\/h2>\t\t\t\t<\/div>\n\t\t\t\t<\/div>\n\t\t\t\t<div class=\"elementor-element elementor-element-7b3919d elementor-invisible elementor-widget elementor-widget-text-editor\" data-id=\"7b3919d\" data-element_type=\"widget\" data-e-type=\"widget\" data-settings=\"{&quot;_animation&quot;:&quot;fadeInUp&quot;}\" data-widget_type=\"text-editor.default\">\n\t\t\t\t<div class=\"elementor-widget-container\">\n\t\t\t\t\t\t\t\t\t<p>Das erste UV\/LED Gel f\u00fcr den Endverbraucher \u2013 HQ und HQME FREI Ab sofort in vielen verschiedenen Farben erh\u00e4ltlich<\/p>\t\t\t\t\t\t\t\t<\/div>\n\t\t\t\t<\/div>\n\t\t\t\t<div class=\"elementor-element elementor-element-2963b02 elementor-invisible elementor-widget elementor-widget-text-editor\" data-id=\"2963b02\" data-element_type=\"widget\" data-e-type=\"widget\" data-settings=\"{&quot;_animation&quot;:&quot;fadeInUp&quot;}\" data-widget_type=\"text-editor.default\">\n\t\t\t\t<div class=\"elementor-widget-container\">\n\t\t\t\t\t\t\t\t\t<p>The booklet is of course also available for download, just click on the 3 dots and select \"Download PDF-File\".<\/p>\t\t\t\t\t\t\t\t<\/div>\n\t\t\t\t<\/div>\n\t\t\t\t<\/div>\n\t\t\t\t\t<\/div>\n\t\t\t\t<\/div>\n\t\t\t\t<section class=\"elementor-section elementor-top-section elementor-element elementor-element-e0aa894 elementor-section-content-middle elementor-section-stretched elementor-section-boxed elementor-section-height-default elementor-section-height-default\" data-id=\"e0aa894\" data-element_type=\"section\" data-e-type=\"section\" id=\"pro-con-de\" data-settings=\"{&quot;stretch_section&quot;:&quot;section-stretched&quot;}\">\n\t\t\t\t\t\t<div class=\"elementor-container elementor-column-gap-no\">\n\t\t\t\t\t<div class=\"elementor-column elementor-col-100 elementor-top-column elementor-element elementor-element-f186da9\" data-id=\"f186da9\" data-element_type=\"column\" data-e-type=\"column\">\n\t\t\t<div class=\"elementor-widget-wrap elementor-element-populated\">\n\t\t\t\t\t\t<div class=\"elementor-element elementor-element-b017720 elementor-widget elementor-widget-shortcode\" data-id=\"b017720\" data-element_type=\"widget\" data-e-type=\"widget\" data-widget_type=\"shortcode.default\">\n\t\t\t\t<div class=\"elementor-widget-container\">\n\t\t\t\t\t\t\t<div class=\"elementor-shortcode\"><div class=\"_df_book df-lite\" id=\"df_11215\"  _slug=\"pro-con-booklet\" data-title=\"pro-con-booklet-de\" wpoptions=\"true\" thumb=\"https:\/\/www.sk-uvgele.de\/wp-content\/uploads\/2023\/07\/ProCon-Katalog_cover.jpg\" thumbtype=\"\" ><\/div><script class=\"df-shortcode-script\" nowprocket type=\"application\/javascript\">window.option_df_11215 = {\"outline\":[],\"autoEnableOutline\":\"false\",\"autoEnableThumbnail\":\"false\",\"overwritePDFOutline\":\"false\",\"direction\":\"1\",\"pageSize\":\"0\",\"source\":\"https:\\\/\\\/www.sk-uvgele.de\\\/wp-content\\\/uploads\\\/2023\\\/08\\\/ProCon-Flyer_WEB.pdf\",\"wpOptions\":\"true\"}; if(window.DFLIP && window.DFLIP.parseBooks){window.DFLIP.parseBooks();}<\/script><\/div>\n\t\t\t\t\t\t<\/div>\n\t\t\t\t<\/div>\n\t\t\t\t\t<\/div>\n\t\t<\/div>\n\t\t\t\t\t<\/div>\n\t\t<\/section>\n\t\t\t\t<section class=\"elementor-section elementor-top-section elementor-element elementor-element-682d13e elementor-section-boxed elementor-section-height-default elementor-section-height-default\" data-id=\"682d13e\" data-element_type=\"section\" data-e-type=\"section\" id=\"pro-con-en\">\n\t\t\t\t\t\t<div class=\"elementor-container elementor-column-gap-default\">\n\t\t\t\t\t<div class=\"elementor-column elementor-col-100 elementor-top-column elementor-element elementor-element-1ba31b6\" data-id=\"1ba31b6\" data-element_type=\"column\" data-e-type=\"column\">\n\t\t\t<div class=\"elementor-widget-wrap elementor-element-populated\">\n\t\t\t\t\t\t<div class=\"elementor-element elementor-element-2328e26 elementor-widget elementor-widget-shortcode\" data-id=\"2328e26\" data-element_type=\"widget\" data-e-type=\"widget\" data-widget_type=\"shortcode.default\">\n\t\t\t\t<div class=\"elementor-widget-container\">\n\t\t\t\t\t\t\t<div class=\"elementor-shortcode\"><div class=\"_df_book df-lite\" id=\"df_11463\"  _slug=\"pro-con-booklet-en\" data-title=\"pro-con-booklet-en\" wpoptions=\"true\" thumb=\"https:\/\/www.sk-uvgele.de\/wp-content\/uploads\/2023\/07\/ProCon-Katalog_cover.jpg\" thumbtype=\"\" ><\/div><script class=\"df-shortcode-script\" nowprocket type=\"application\/javascript\">window.option_df_11463 = {\"outline\":[],\"autoEnableOutline\":\"false\",\"autoEnableThumbnail\":\"false\",\"overwritePDFOutline\":\"false\",\"direction\":\"1\",\"pageSize\":\"0\",\"source\":\"https:\\\/\\\/www.sk-uvgele.de\\\/wp-content\\\/uploads\\\/2023\\\/08\\\/ProCon-Flyer_WEB.pdf\",\"wpOptions\":\"true\"}; if(window.DFLIP && window.DFLIP.parseBooks){window.DFLIP.parseBooks();}<\/script><\/div>\n\t\t\t\t\t\t<\/div>\n\t\t\t\t<\/div>\n\t\t\t\t\t<\/div>\n\t\t<\/div>\n\t\t\t\t\t<\/div>\n\t\t<\/section>\n\t\t\t\t<\/div>","protected":false},"excerpt":{"rendered":"<p>PRO CON Booklet Revolutionieren Sie noch heute mit uns den Markt mit: PRO CON Das erste UV\/LED Gel f\u00fcr den Endverbraucher \u2013 HQ und HQME FREI Ab sofort in vielen verschiedenen Farben erh\u00e4ltlich Das Booklet steht Ihnen nat\u00fcrlich auch als Download bereit, hierzu auf die 3 Punkte klicken und &#8222;Download PDF-File&#8220; ausw\u00e4hlen.<\/p>","protected":false},"author":6,"featured_media":0,"parent":0,"menu_order":0,"comment_status":"closed","ping_status":"closed","template":"","meta":{"footnotes":""},"class_list":["post-11213","page","type-page","status-publish","hentry"],"yoast_head":"<!-- This site is optimized with the Yoast SEO plugin v27.5 - https:\/\/yoast.com\/product\/yoast-seo-wordpress\/ -->\n<title>PRO CON Katalog - UV Gele made in germany - SK UV Gele GmbH<\/title>\n<meta name=\"description\" content=\"Revolutionieren Sie noch heute mit uns den Markt mit: PRO CON. Das erste UV\/LED Gel f\u00fcr den Endverbraucher \u2013 HQ und HQME FREI.\" \/>\n<meta name=\"robots\" content=\"index, follow, max-snippet:-1, max-image-preview:large, max-video-preview:-1\" \/>\n<link rel=\"canonical\" href=\"https:\/\/www.sk-uvgele.de\/en\/pro-con-broschure\/\" \/>\n<meta property=\"og:locale\" content=\"en_GB\" \/>\n<meta property=\"og:type\" content=\"article\" \/>\n<meta property=\"og:title\" content=\"PRO CON Katalog - UV Gele made in germany - SK UV Gele GmbH\" \/>\n<meta property=\"og:description\" content=\"Revolutionieren Sie noch heute mit uns den Markt mit: PRO CON. Das erste UV\/LED Gel f\u00fcr den Endverbraucher \u2013 HQ und HQME FREI.\" \/>\n<meta property=\"og:url\" content=\"https:\/\/www.sk-uvgele.de\/en\/pro-con-broschure\/\" \/>\n<meta property=\"og:site_name\" content=\"UV Gele made in germany - SK UV Gele GmbH\" \/>\n<meta property=\"article:modified_time\" content=\"2024-12-02T11:58:32+00:00\" \/>\n<meta property=\"og:image\" content=\"https:\/\/www.sk-uvgele.de\/wp-content\/uploads\/2023\/01\/Isolated-splash-of-red-liquid-on-a-white-background-7530.jpg\" \/>\n\t<meta property=\"og:image:width\" content=\"2560\" \/>\n\t<meta property=\"og:image:height\" content=\"1440\" \/>\n\t<meta property=\"og:image:type\" content=\"image\/jpeg\" \/>\n<meta name=\"twitter:card\" content=\"summary_large_image\" \/>\n<meta name=\"twitter:label1\" content=\"Estimated reading time\" \/>\n\t<meta name=\"twitter:data1\" content=\"1 minute\" \/>\n<script type=\"application\/ld+json\" class=\"yoast-schema-graph\">{\"@context\":\"https:\\\/\\\/schema.org\",\"@graph\":[{\"@type\":\"WebPage\",\"@id\":\"https:\\\/\\\/www.sk-uvgele.de\\\/pro-con-broschure\\\/\",\"url\":\"https:\\\/\\\/www.sk-uvgele.de\\\/pro-con-broschure\\\/\",\"name\":\"PRO CON Katalog - UV Gele made in germany - SK UV Gele GmbH\",\"isPartOf\":{\"@id\":\"https:\\\/\\\/www.sk-uvgele.de\\\/#website\"},\"datePublished\":\"2023-07-21T13:15:18+00:00\",\"dateModified\":\"2024-12-02T11:58:32+00:00\",\"description\":\"Revolutionieren Sie noch heute mit uns den Markt mit: PRO CON. Das erste UV\\\/LED Gel f\u00fcr den Endverbraucher \u2013 HQ und HQME FREI.\",\"breadcrumb\":{\"@id\":\"https:\\\/\\\/www.sk-uvgele.de\\\/pro-con-broschure\\\/#breadcrumb\"},\"inLanguage\":\"en-GB\",\"potentialAction\":[{\"@type\":\"ReadAction\",\"target\":[\"https:\\\/\\\/www.sk-uvgele.de\\\/pro-con-broschure\\\/\"]}]},{\"@type\":\"BreadcrumbList\",\"@id\":\"https:\\\/\\\/www.sk-uvgele.de\\\/pro-con-broschure\\\/#breadcrumb\",\"itemListElement\":[{\"@type\":\"ListItem\",\"position\":1,\"name\":\"Home\",\"item\":\"https:\\\/\\\/www.sk-uvgele.de\\\/\"},{\"@type\":\"ListItem\",\"position\":2,\"name\":\"PRO CON Katalog\"}]},{\"@type\":\"WebSite\",\"@id\":\"https:\\\/\\\/www.sk-uvgele.de\\\/#website\",\"url\":\"https:\\\/\\\/www.sk-uvgele.de\\\/\",\"name\":\"UV Gele made in germany - SK UV Gele GmbH\",\"description\":\"Ihr Private Label Hersteller f\u00fcr UV Gele in Deutschland\",\"publisher\":{\"@id\":\"https:\\\/\\\/www.sk-uvgele.de\\\/#organization\"},\"alternateName\":\"SK UV Gele GmbH\",\"potentialAction\":[{\"@type\":\"SearchAction\",\"target\":{\"@type\":\"EntryPoint\",\"urlTemplate\":\"https:\\\/\\\/www.sk-uvgele.de\\\/?s={search_term_string}\"},\"query-input\":{\"@type\":\"PropertyValueSpecification\",\"valueRequired\":true,\"valueName\":\"search_term_string\"}}],\"inLanguage\":\"en-GB\"},{\"@type\":\"Organization\",\"@id\":\"https:\\\/\\\/www.sk-uvgele.de\\\/#organization\",\"name\":\"SK UV Gele GmbH\",\"alternateName\":\"SK UV Gele GmbH\",\"url\":\"https:\\\/\\\/www.sk-uvgele.de\\\/\",\"logo\":{\"@type\":\"ImageObject\",\"inLanguage\":\"en-GB\",\"@id\":\"https:\\\/\\\/www.sk-uvgele.de\\\/#\\\/schema\\\/logo\\\/image\\\/\",\"url\":\"https:\\\/\\\/www.sk-uvgele.de\\\/wp-content\\\/uploads\\\/2023\\\/07\\\/sk-logo-dark_.png\",\"contentUrl\":\"https:\\\/\\\/www.sk-uvgele.de\\\/wp-content\\\/uploads\\\/2023\\\/07\\\/sk-logo-dark_.png\",\"width\":287,\"height\":120,\"caption\":\"SK UV Gele GmbH\"},\"image\":{\"@id\":\"https:\\\/\\\/www.sk-uvgele.de\\\/#\\\/schema\\\/logo\\\/image\\\/\"}}]}<\/script>\n<!-- \/ Yoast SEO plugin. -->","yoast_head_json":{"title":"PRO CON Katalog - UV Gele made in germany - SK UV Gele GmbH","description":"Revolutionieren Sie noch heute mit uns den Markt mit: PRO CON. Das erste UV\/LED Gel f\u00fcr den Endverbraucher \u2013 HQ und HQME FREI.","robots":{"index":"index","follow":"follow","max-snippet":"max-snippet:-1","max-image-preview":"max-image-preview:large","max-video-preview":"max-video-preview:-1"},"canonical":"https:\/\/www.sk-uvgele.de\/en\/pro-con-broschure\/","og_locale":"en_GB","og_type":"article","og_title":"PRO CON Katalog - UV Gele made in germany - SK UV Gele GmbH","og_description":"Revolutionieren Sie noch heute mit uns den Markt mit: PRO CON. Das erste UV\/LED Gel f\u00fcr den Endverbraucher \u2013 HQ und HQME FREI.","og_url":"https:\/\/www.sk-uvgele.de\/en\/pro-con-broschure\/","og_site_name":"UV Gele made in germany - SK UV Gele GmbH","article_modified_time":"2024-12-02T11:58:32+00:00","og_image":[{"width":2560,"height":1440,"url":"https:\/\/www.sk-uvgele.de\/wp-content\/uploads\/2023\/01\/Isolated-splash-of-red-liquid-on-a-white-background-7530.jpg","type":"image\/jpeg"}],"twitter_card":"summary_large_image","twitter_misc":{"Estimated reading time":"1 minute"},"schema":{"@context":"https:\/\/schema.org","@graph":[{"@type":"WebPage","@id":"https:\/\/www.sk-uvgele.de\/pro-con-broschure\/","url":"https:\/\/www.sk-uvgele.de\/pro-con-broschure\/","name":"PRO CON Katalog - UV Gele made in germany - SK UV Gele GmbH","isPartOf":{"@id":"https:\/\/www.sk-uvgele.de\/#website"},"datePublished":"2023-07-21T13:15:18+00:00","dateModified":"2024-12-02T11:58:32+00:00","description":"Revolutionieren Sie noch heute mit uns den Markt mit: PRO CON. Das erste UV\/LED Gel f\u00fcr den Endverbraucher \u2013 HQ und HQME FREI.","breadcrumb":{"@id":"https:\/\/www.sk-uvgele.de\/pro-con-broschure\/#breadcrumb"},"inLanguage":"en-GB","potentialAction":[{"@type":"ReadAction","target":["https:\/\/www.sk-uvgele.de\/pro-con-broschure\/"]}]},{"@type":"BreadcrumbList","@id":"https:\/\/www.sk-uvgele.de\/pro-con-broschure\/#breadcrumb","itemListElement":[{"@type":"ListItem","position":1,"name":"Home","item":"https:\/\/www.sk-uvgele.de\/"},{"@type":"ListItem","position":2,"name":"PRO CON Katalog"}]},{"@type":"WebSite","@id":"https:\/\/www.sk-uvgele.de\/#website","url":"https:\/\/www.sk-uvgele.de\/","name":"UV Gele made in germany - SK UV Gele GmbH","description":"Ihr Private Label Hersteller f\u00fcr UV Gele in Deutschland","publisher":{"@id":"https:\/\/www.sk-uvgele.de\/#organization"},"alternateName":"SK UV Gele GmbH","potentialAction":[{"@type":"SearchAction","target":{"@type":"EntryPoint","urlTemplate":"https:\/\/www.sk-uvgele.de\/?s={search_term_string}"},"query-input":{"@type":"PropertyValueSpecification","valueRequired":true,"valueName":"search_term_string"}}],"inLanguage":"en-GB"},{"@type":"Organization","@id":"https:\/\/www.sk-uvgele.de\/#organization","name":"SK UV Gele GmbH","alternateName":"SK UV Gele GmbH","url":"https:\/\/www.sk-uvgele.de\/","logo":{"@type":"ImageObject","inLanguage":"en-GB","@id":"https:\/\/www.sk-uvgele.de\/#\/schema\/logo\/image\/","url":"https:\/\/www.sk-uvgele.de\/wp-content\/uploads\/2023\/07\/sk-logo-dark_.png","contentUrl":"https:\/\/www.sk-uvgele.de\/wp-content\/uploads\/2023\/07\/sk-logo-dark_.png","width":287,"height":120,"caption":"SK UV Gele GmbH"},"image":{"@id":"https:\/\/www.sk-uvgele.de\/#\/schema\/logo\/image\/"}}]}},"_links":{"self":[{"href":"https:\/\/www.sk-uvgele.de\/en\/wp-json\/wp\/v2\/pages\/11213","targetHints":{"allow":["GET"]}}],"collection":[{"href":"https:\/\/www.sk-uvgele.de\/en\/wp-json\/wp\/v2\/pages"}],"about":[{"href":"https:\/\/www.sk-uvgele.de\/en\/wp-json\/wp\/v2\/types\/page"}],"author":[{"embeddable":true,"href":"https:\/\/www.sk-uvgele.de\/en\/wp-json\/wp\/v2\/users\/6"}],"replies":[{"embeddable":true,"href":"https:\/\/www.sk-uvgele.de\/en\/wp-json\/wp\/v2\/comments?post=11213"}],"version-history":[{"count":0,"href":"https:\/\/www.sk-uvgele.de\/en\/wp-json\/wp\/v2\/pages\/11213\/revisions"}],"wp:attachment":[{"href":"https:\/\/www.sk-uvgele.de\/en\/wp-json\/wp\/v2\/media?parent=11213"}],"curies":[{"name":"wp","href":"https:\/\/api.w.org\/{rel}","templated":true}]}}