{"id":11697,"date":"2023-10-10T12:31:45","date_gmt":"2023-10-10T10:31:45","guid":{"rendered":"https:\/\/www.sk-uvgele.de\/?page_id=11697"},"modified":"2025-02-03T09:42:07","modified_gmt":"2025-02-03T08:42:07","slug":"commit-for-our-planet","status":"publish","type":"page","link":"https:\/\/www.sk-uvgele.de\/en\/commit-for-our-planet\/","title":{"rendered":"Commit for our planet"},"content":{"rendered":"<div data-elementor-type=\"wp-page\" data-elementor-id=\"11697\" class=\"elementor elementor-11697\" data-elementor-post-type=\"page\">\n\t\t\t\t\t\t<section class=\"elementor-section elementor-top-section elementor-element elementor-element-6b0f3cc elementor-section-full_width elementor-section-stretched elementor-section-height-default elementor-section-height-default\" data-id=\"6b0f3cc\" data-element_type=\"section\" data-e-type=\"section\" data-settings=\"{&quot;background_background&quot;:&quot;classic&quot;,&quot;stretch_section&quot;:&quot;section-stretched&quot;}\">\n\t\t\t\t\t\t<div class=\"elementor-container elementor-column-gap-no\">\n\t\t\t\t\t<div class=\"elementor-column elementor-col-100 elementor-top-column elementor-element elementor-element-010e066\" data-id=\"010e066\" data-element_type=\"column\" data-e-type=\"column\">\n\t\t\t<div class=\"elementor-widget-wrap elementor-element-populated\">\n\t\t\t\t\t\t<div class=\"elementor-element elementor-element-fd323c6 elementor-widget elementor-widget-heading\" data-id=\"fd323c6\" data-element_type=\"widget\" data-e-type=\"widget\" data-widget_type=\"heading.default\">\n\t\t\t\t<div class=\"elementor-widget-container\">\n\t\t\t\t\t<h1 class=\"elementor-heading-title elementor-size-default\">Partnership: Commit for Our planet<\/h1>\t\t\t\t<\/div>\n\t\t\t\t<\/div>\n\t\t\t\t\t<\/div>\n\t\t<\/div>\n\t\t\t\t\t<\/div>\n\t\t<\/section>\n\t\t\t\t<section class=\"elementor-section elementor-top-section elementor-element elementor-element-be1fb2a elementor-section-full_width elementor-section-stretched elementor-section-height-default elementor-section-height-default\" data-id=\"be1fb2a\" data-element_type=\"section\" data-e-type=\"section\" data-settings=\"{&quot;stretch_section&quot;:&quot;section-stretched&quot;}\">\n\t\t\t\t\t\t<div class=\"elementor-container elementor-column-gap-no\">\n\t\t\t\t\t<div class=\"elementor-column elementor-col-100 elementor-top-column elementor-element elementor-element-ea431b4\" data-id=\"ea431b4\" data-element_type=\"column\" data-e-type=\"column\">\n\t\t\t<div class=\"elementor-widget-wrap elementor-element-populated\">\n\t\t\t\t<div class=\"elementor-element elementor-element-b1a68e5 e-con-full e-flex elementor-invisible e-con e-parent\" data-id=\"b1a68e5\" data-element_type=\"container\" data-e-type=\"container\" data-settings=\"{&quot;animation&quot;:&quot;fadeInUp&quot;}\">\n\t\t<div class=\"elementor-element elementor-element-ca04ce9 e-con-full e-flex e-con e-child\" data-id=\"ca04ce9\" data-element_type=\"container\" data-e-type=\"container\">\n\t\t\t\t<div class=\"elementor-element elementor-element-942a97a elementor-widget elementor-widget-heading\" data-id=\"942a97a\" data-element_type=\"widget\" data-e-type=\"widget\" data-widget_type=\"heading.default\">\n\t\t\t\t<div class=\"elementor-widget-container\">\n\t\t\t\t\t<h2 class=\"elementor-heading-title elementor-size-default\">SK UV GELE announces partnership with European initiative: \u201cCommit for Our Planet\u201d<\/h2>\t\t\t\t<\/div>\n\t\t\t\t<\/div>\n\t\t\t\t<\/div>\n\t\t<div class=\"elementor-element elementor-element-547610c e-con-full e-flex e-con e-child\" data-id=\"547610c\" data-element_type=\"container\" data-e-type=\"container\" data-settings=\"{&quot;background_background&quot;:&quot;classic&quot;}\">\n\t\t<div class=\"elementor-element elementor-element-9d7abed e-con-full e-flex e-con e-child\" data-id=\"9d7abed\" data-element_type=\"container\" data-e-type=\"container\" data-settings=\"{&quot;background_background&quot;:&quot;classic&quot;}\">\n\t\t\t\t<\/div>\n\t\t\t\t<\/div>\n\t\t\t\t<\/div>\n\t\t\t\t\t<\/div>\n\t\t<\/div>\n\t\t\t\t\t<\/div>\n\t\t<\/section>\n\t\t\t\t<section class=\"elementor-section elementor-top-section elementor-element elementor-element-00b58d9 elementor-section-boxed elementor-section-height-default elementor-section-height-default\" data-id=\"00b58d9\" data-element_type=\"section\" data-e-type=\"section\">\n\t\t\t\t\t\t<div class=\"elementor-container elementor-column-gap-default\">\n\t\t\t\t\t<div class=\"elementor-column elementor-col-100 elementor-top-column elementor-element elementor-element-349c376 articel-headline\" data-id=\"349c376\" data-element_type=\"column\" data-e-type=\"column\" data-settings=\"{&quot;background_background&quot;:&quot;classic&quot;}\">\n\t\t\t<div class=\"elementor-widget-wrap elementor-element-populated\">\n\t\t\t\t\t\t<div class=\"elementor-element elementor-element-fb37a7d elementor-widget elementor-widget-heading\" data-id=\"fb37a7d\" data-element_type=\"widget\" data-e-type=\"widget\" data-widget_type=\"heading.default\">\n\t\t\t\t<div class=\"elementor-widget-container\">\n\t\t\t\t\t<h3 class=\"elementor-heading-title elementor-size-default\">Commit for Our Planet<\/h3>\t\t\t\t<\/div>\n\t\t\t\t<\/div>\n\t\t\t\t\t<\/div>\n\t\t<\/div>\n\t\t\t\t\t<\/div>\n\t\t<\/section>\n\t\t<div class=\"elementor-element elementor-element-3f64f8c article-content e-flex e-con-boxed elementor-invisible e-con e-parent\" data-id=\"3f64f8c\" data-element_type=\"container\" data-e-type=\"container\" data-settings=\"{&quot;animation&quot;:&quot;fadeInUp&quot;}\">\n\t\t\t\t\t<div class=\"e-con-inner\">\n\t\t<div class=\"elementor-element elementor-element-5c6f127 e-con-full e-flex e-con e-child\" data-id=\"5c6f127\" data-element_type=\"container\" data-e-type=\"container\">\n\t\t\t\t<div class=\"elementor-element elementor-element-03a10f8 elementor-widget elementor-widget-image\" data-id=\"03a10f8\" data-element_type=\"widget\" data-e-type=\"widget\" data-widget_type=\"image.default\">\n\t\t\t\t<div class=\"elementor-widget-container\">\n\t\t\t\t\t\t\t\t\t\t\t\t\t\t\t<img fetchpriority=\"high\" decoding=\"async\" width=\"1145\" height=\"1145\" src=\"https:\/\/www.sk-uvgele.de\/wp-content\/uploads\/2023\/10\/Commit-for-our-Planet_Full-Colour-Logo.png\" class=\"attachment-full size-full wp-image-11671\" alt=\"\" srcset=\"https:\/\/www.sk-uvgele.de\/wp-content\/uploads\/2023\/10\/Commit-for-our-Planet_Full-Colour-Logo.png 1145w, https:\/\/www.sk-uvgele.de\/wp-content\/uploads\/2023\/10\/Commit-for-our-Planet_Full-Colour-Logo-300x300.png 300w, https:\/\/www.sk-uvgele.de\/wp-content\/uploads\/2023\/10\/Commit-for-our-Planet_Full-Colour-Logo-1024x1024.png 1024w, https:\/\/www.sk-uvgele.de\/wp-content\/uploads\/2023\/10\/Commit-for-our-Planet_Full-Colour-Logo-150x150.png 150w, https:\/\/www.sk-uvgele.de\/wp-content\/uploads\/2023\/10\/Commit-for-our-Planet_Full-Colour-Logo-768x768.png 768w, https:\/\/www.sk-uvgele.de\/wp-content\/uploads\/2023\/10\/Commit-for-our-Planet_Full-Colour-Logo-12x12.png 12w, https:\/\/www.sk-uvgele.de\/wp-content\/uploads\/2023\/10\/Commit-for-our-Planet_Full-Colour-Logo-200x200.png 200w\" sizes=\"(max-width: 1145px) 100vw, 1145px\" \/>\t\t\t\t\t\t\t\t\t\t\t\t\t\t\t<\/div>\n\t\t\t\t<\/div>\n\t\t\t\t<div class=\"elementor-element elementor-element-6bb6e09 elementor-widget elementor-widget-text-editor\" data-id=\"6bb6e09\" data-element_type=\"widget\" data-e-type=\"widget\" data-widget_type=\"text-editor.default\">\n\t\t\t\t<div class=\"elementor-widget-container\">\n\t\t\t\t\t\t\t\t\t<p>The M\u00f6nchengladbach-based company SK UV Gele GmbH, one of the leading manufacturers of high-quality nail gels in Europe, is intensifying its focus on sustainability and joining the \"commit for our planet\" initiative. The highly regarded, industry-wide campaign was developed by the European trade association for the cosmetics and personal care industry, Cosmetics Europe, based in Brussels, Belgium.<\/p><p>Cosmetics Europe's sustainability initiative aims to reduce the environmental footprint of the cosmetics industry in Europe.  \"commit for our planet\" addresses all companies in the industry, regardless of membership or size, to commit together to reduce CO2 emissions, improve packaging solutions and protect nature.<\/p>\t\t\t\t\t\t\t\t<\/div>\n\t\t\t\t<\/div>\n\t\t\t\t<\/div>\n\t\t<div class=\"elementor-element elementor-element-2afd0fc e-con-full e-flex e-con e-child\" data-id=\"2afd0fc\" data-element_type=\"container\" data-e-type=\"container\">\n\t\t\t\t<div class=\"elementor-element elementor-element-8c84678 sk-links-presse-cfop elementor-widget elementor-widget-text-editor\" data-id=\"8c84678\" data-element_type=\"widget\" data-e-type=\"widget\" data-widget_type=\"text-editor.default\">\n\t\t\t\t<div class=\"elementor-widget-container\">\n\t\t\t\t\t\t\t\t\t<p>Cosmetics Europe will report transparently on an annual basis on the overall actions of the cosmetics industry in relation to the commitments to demonstrate impact and progress. As a new partner of the initiative, SK UV GELE joins the list of internationally renowned companies, including names such as:  WALA, Weleda, Coty, Dalli Group, La Biosth\u00e9tique, L'Occitane, L'Or\u00e9al, LVMH, Schwan-Cosmetics, Unilever and many others:<\/p><p><a href=\"https:\/\/commitforourplanet.cosmeticseurope.eu\/#partners\">https:\/\/commitforourplanet.cosmeticseurope.eu\/#partners<\/a><\/p><p><strong>Nicole Simon, Managing Director SK UV Gele GmbH:<\/strong> \"We are pleased to be part of this impressive project and to make our contribution to improved environmental sustainability in the cosmetics industry. Sustainability is a key objective for us. By locating our entire value chain in our own plant in M\u00f6nchengladbach, we pool resources, minimise transport routes and thus reduce our ecological footprint. The selection of sustainable raw materials is also one of the elements of our sustainable approach\".<\/p><p>In Germany, the initiative is also supported by the \"Beauty Care\" competence partner in the German Cosmetic, Toiletry, Perfumery and Detergent Association (IKW) and the NATRUE quality seal.<\/p>\t\t\t\t\t\t\t\t<\/div>\n\t\t\t\t<\/div>\n\t\t\t\t<\/div>\n\t\t\t\t\t<\/div>\n\t\t\t\t<\/div>\n\t\t\t\t<\/div>","protected":false},"excerpt":{"rendered":"<p>Partnerschaft: Commit for Our planet SK UV GELE verk\u00fcndet Partnerschaft mit europ\u00e4ischer Initiative: \u201cCommit for Our Planet\u201d Commit for Our Planet Das M\u00f6nchengladbacher Unternehmen SK UV Gele GmbH, einer der f\u00fchrenden Hersteller hochwertiger Nagel-Gele in Europa, intensiviert seine Ausrichtung in Sachen Nachhaltigkeit und schlie\u00dft sich der Initiative \u201ecommit for our planet\u201c an. Entwickelt wurde die [&hellip;]<\/p>\n","protected":false},"author":6,"featured_media":0,"parent":0,"menu_order":0,"comment_status":"closed","ping_status":"closed","template":"","meta":{"footnotes":""},"class_list":["post-11697","page","type-page","status-publish","hentry"],"yoast_head":"<!-- This site is optimized with the Yoast SEO plugin v27.4 - https:\/\/yoast.com\/product\/yoast-seo-wordpress\/ -->\n<title>Commit for our planet - UV Gele made in germany - SK UV Gele GmbH<\/title>\n<meta name=\"description\" content=\"UV Gele made in germany - SK UV Gele GmbH\" \/>\n<meta name=\"robots\" content=\"index, follow, max-snippet:-1, max-image-preview:large, max-video-preview:-1\" \/>\n<link rel=\"canonical\" href=\"https:\/\/www.sk-uvgele.de\/en\/commit-for-our-planet\/\" \/>\n<meta property=\"og:locale\" content=\"en_GB\" \/>\n<meta property=\"og:type\" content=\"article\" \/>\n<meta property=\"og:title\" content=\"Commit for our planet - UV Gele made in germany - SK UV Gele GmbH\" \/>\n<meta property=\"og:description\" content=\"UV Gele made in germany - SK UV Gele GmbH\" \/>\n<meta property=\"og:url\" content=\"https:\/\/www.sk-uvgele.de\/en\/commit-for-our-planet\/\" \/>\n<meta property=\"og:site_name\" content=\"UV Gele made in germany - SK UV Gele GmbH\" \/>\n<meta property=\"article:modified_time\" content=\"2025-02-03T08:42:07+00:00\" \/>\n<meta property=\"og:image\" content=\"https:\/\/www.sk-uvgele.de\/wp-content\/uploads\/2023\/10\/Commit-for-our-Planet_Full-Colour-Logo.png\" \/>\n\t<meta property=\"og:image:width\" content=\"1145\" \/>\n\t<meta property=\"og:image:height\" content=\"1145\" \/>\n\t<meta property=\"og:image:type\" content=\"image\/png\" \/>\n<meta name=\"twitter:card\" content=\"summary_large_image\" \/>\n<meta name=\"twitter:label1\" content=\"Estimated reading time\" \/>\n\t<meta name=\"twitter:data1\" content=\"2 minutes\" \/>\n<script type=\"application\/ld+json\" class=\"yoast-schema-graph\">{\"@context\":\"https:\\\/\\\/schema.org\",\"@graph\":[{\"@type\":\"WebPage\",\"@id\":\"https:\\\/\\\/www.sk-uvgele.de\\\/commit-for-our-planet\\\/\",\"url\":\"https:\\\/\\\/www.sk-uvgele.de\\\/commit-for-our-planet\\\/\",\"name\":\"Commit for our planet - UV Gele made in germany - SK UV Gele GmbH\",\"isPartOf\":{\"@id\":\"https:\\\/\\\/www.sk-uvgele.de\\\/#website\"},\"primaryImageOfPage\":{\"@id\":\"https:\\\/\\\/www.sk-uvgele.de\\\/commit-for-our-planet\\\/#primaryimage\"},\"image\":{\"@id\":\"https:\\\/\\\/www.sk-uvgele.de\\\/commit-for-our-planet\\\/#primaryimage\"},\"thumbnailUrl\":\"https:\\\/\\\/www.sk-uvgele.de\\\/wp-content\\\/uploads\\\/2023\\\/10\\\/Commit-for-our-Planet_Full-Colour-Logo.png\",\"datePublished\":\"2023-10-10T10:31:45+00:00\",\"dateModified\":\"2025-02-03T08:42:07+00:00\",\"description\":\"UV Gele made in germany - SK UV Gele GmbH\",\"breadcrumb\":{\"@id\":\"https:\\\/\\\/www.sk-uvgele.de\\\/commit-for-our-planet\\\/#breadcrumb\"},\"inLanguage\":\"en-GB\",\"potentialAction\":[{\"@type\":\"ReadAction\",\"target\":[\"https:\\\/\\\/www.sk-uvgele.de\\\/commit-for-our-planet\\\/\"]}]},{\"@type\":\"ImageObject\",\"inLanguage\":\"en-GB\",\"@id\":\"https:\\\/\\\/www.sk-uvgele.de\\\/commit-for-our-planet\\\/#primaryimage\",\"url\":\"https:\\\/\\\/www.sk-uvgele.de\\\/wp-content\\\/uploads\\\/2023\\\/10\\\/Commit-for-our-Planet_Full-Colour-Logo.png\",\"contentUrl\":\"https:\\\/\\\/www.sk-uvgele.de\\\/wp-content\\\/uploads\\\/2023\\\/10\\\/Commit-for-our-Planet_Full-Colour-Logo.png\"},{\"@type\":\"BreadcrumbList\",\"@id\":\"https:\\\/\\\/www.sk-uvgele.de\\\/commit-for-our-planet\\\/#breadcrumb\",\"itemListElement\":[{\"@type\":\"ListItem\",\"position\":1,\"name\":\"Home\",\"item\":\"https:\\\/\\\/www.sk-uvgele.de\\\/\"},{\"@type\":\"ListItem\",\"position\":2,\"name\":\"Commit for our planet\"}]},{\"@type\":\"WebSite\",\"@id\":\"https:\\\/\\\/www.sk-uvgele.de\\\/#website\",\"url\":\"https:\\\/\\\/www.sk-uvgele.de\\\/\",\"name\":\"UV Gele made in germany - SK UV Gele GmbH\",\"description\":\"Ihr Private Label Hersteller f\u00fcr UV Gele in Deutschland\",\"publisher\":{\"@id\":\"https:\\\/\\\/www.sk-uvgele.de\\\/#organization\"},\"alternateName\":\"SK UV Gele GmbH\",\"potentialAction\":[{\"@type\":\"SearchAction\",\"target\":{\"@type\":\"EntryPoint\",\"urlTemplate\":\"https:\\\/\\\/www.sk-uvgele.de\\\/?s={search_term_string}\"},\"query-input\":{\"@type\":\"PropertyValueSpecification\",\"valueRequired\":true,\"valueName\":\"search_term_string\"}}],\"inLanguage\":\"en-GB\"},{\"@type\":\"Organization\",\"@id\":\"https:\\\/\\\/www.sk-uvgele.de\\\/#organization\",\"name\":\"SK UV Gele GmbH\",\"alternateName\":\"SK UV Gele GmbH\",\"url\":\"https:\\\/\\\/www.sk-uvgele.de\\\/\",\"logo\":{\"@type\":\"ImageObject\",\"inLanguage\":\"en-GB\",\"@id\":\"https:\\\/\\\/www.sk-uvgele.de\\\/#\\\/schema\\\/logo\\\/image\\\/\",\"url\":\"https:\\\/\\\/www.sk-uvgele.de\\\/wp-content\\\/uploads\\\/2023\\\/07\\\/sk-logo-dark_.png\",\"contentUrl\":\"https:\\\/\\\/www.sk-uvgele.de\\\/wp-content\\\/uploads\\\/2023\\\/07\\\/sk-logo-dark_.png\",\"width\":287,\"height\":120,\"caption\":\"SK UV Gele GmbH\"},\"image\":{\"@id\":\"https:\\\/\\\/www.sk-uvgele.de\\\/#\\\/schema\\\/logo\\\/image\\\/\"}}]}<\/script>\n<!-- \/ Yoast SEO plugin. -->","yoast_head_json":{"title":"Commit for our planet - UV Gele made in germany - SK UV Gele GmbH","description":"UV Gele made in germany - SK UV Gele GmbH","robots":{"index":"index","follow":"follow","max-snippet":"max-snippet:-1","max-image-preview":"max-image-preview:large","max-video-preview":"max-video-preview:-1"},"canonical":"https:\/\/www.sk-uvgele.de\/en\/commit-for-our-planet\/","og_locale":"en_GB","og_type":"article","og_title":"Commit for our planet - UV Gele made in germany - SK UV Gele GmbH","og_description":"UV Gele made in germany - SK UV Gele GmbH","og_url":"https:\/\/www.sk-uvgele.de\/en\/commit-for-our-planet\/","og_site_name":"UV Gele made in germany - SK UV Gele GmbH","article_modified_time":"2025-02-03T08:42:07+00:00","og_image":[{"width":1145,"height":1145,"url":"https:\/\/www.sk-uvgele.de\/wp-content\/uploads\/2023\/10\/Commit-for-our-Planet_Full-Colour-Logo.png","type":"image\/png"}],"twitter_card":"summary_large_image","twitter_misc":{"Estimated reading time":"2 minutes"},"schema":{"@context":"https:\/\/schema.org","@graph":[{"@type":"WebPage","@id":"https:\/\/www.sk-uvgele.de\/commit-for-our-planet\/","url":"https:\/\/www.sk-uvgele.de\/commit-for-our-planet\/","name":"Commit for our planet - UV Gele made in germany - SK UV Gele GmbH","isPartOf":{"@id":"https:\/\/www.sk-uvgele.de\/#website"},"primaryImageOfPage":{"@id":"https:\/\/www.sk-uvgele.de\/commit-for-our-planet\/#primaryimage"},"image":{"@id":"https:\/\/www.sk-uvgele.de\/commit-for-our-planet\/#primaryimage"},"thumbnailUrl":"https:\/\/www.sk-uvgele.de\/wp-content\/uploads\/2023\/10\/Commit-for-our-Planet_Full-Colour-Logo.png","datePublished":"2023-10-10T10:31:45+00:00","dateModified":"2025-02-03T08:42:07+00:00","description":"UV Gele made in germany - SK UV Gele GmbH","breadcrumb":{"@id":"https:\/\/www.sk-uvgele.de\/commit-for-our-planet\/#breadcrumb"},"inLanguage":"en-GB","potentialAction":[{"@type":"ReadAction","target":["https:\/\/www.sk-uvgele.de\/commit-for-our-planet\/"]}]},{"@type":"ImageObject","inLanguage":"en-GB","@id":"https:\/\/www.sk-uvgele.de\/commit-for-our-planet\/#primaryimage","url":"https:\/\/www.sk-uvgele.de\/wp-content\/uploads\/2023\/10\/Commit-for-our-Planet_Full-Colour-Logo.png","contentUrl":"https:\/\/www.sk-uvgele.de\/wp-content\/uploads\/2023\/10\/Commit-for-our-Planet_Full-Colour-Logo.png"},{"@type":"BreadcrumbList","@id":"https:\/\/www.sk-uvgele.de\/commit-for-our-planet\/#breadcrumb","itemListElement":[{"@type":"ListItem","position":1,"name":"Home","item":"https:\/\/www.sk-uvgele.de\/"},{"@type":"ListItem","position":2,"name":"Commit for our planet"}]},{"@type":"WebSite","@id":"https:\/\/www.sk-uvgele.de\/#website","url":"https:\/\/www.sk-uvgele.de\/","name":"UV Gele made in germany - SK UV Gele GmbH","description":"Ihr Private Label Hersteller f\u00fcr UV Gele in Deutschland","publisher":{"@id":"https:\/\/www.sk-uvgele.de\/#organization"},"alternateName":"SK UV Gele GmbH","potentialAction":[{"@type":"SearchAction","target":{"@type":"EntryPoint","urlTemplate":"https:\/\/www.sk-uvgele.de\/?s={search_term_string}"},"query-input":{"@type":"PropertyValueSpecification","valueRequired":true,"valueName":"search_term_string"}}],"inLanguage":"en-GB"},{"@type":"Organization","@id":"https:\/\/www.sk-uvgele.de\/#organization","name":"SK UV Gele GmbH","alternateName":"SK UV Gele GmbH","url":"https:\/\/www.sk-uvgele.de\/","logo":{"@type":"ImageObject","inLanguage":"en-GB","@id":"https:\/\/www.sk-uvgele.de\/#\/schema\/logo\/image\/","url":"https:\/\/www.sk-uvgele.de\/wp-content\/uploads\/2023\/07\/sk-logo-dark_.png","contentUrl":"https:\/\/www.sk-uvgele.de\/wp-content\/uploads\/2023\/07\/sk-logo-dark_.png","width":287,"height":120,"caption":"SK UV Gele GmbH"},"image":{"@id":"https:\/\/www.sk-uvgele.de\/#\/schema\/logo\/image\/"}}]}},"_links":{"self":[{"href":"https:\/\/www.sk-uvgele.de\/en\/wp-json\/wp\/v2\/pages\/11697","targetHints":{"allow":["GET"]}}],"collection":[{"href":"https:\/\/www.sk-uvgele.de\/en\/wp-json\/wp\/v2\/pages"}],"about":[{"href":"https:\/\/www.sk-uvgele.de\/en\/wp-json\/wp\/v2\/types\/page"}],"author":[{"embeddable":true,"href":"https:\/\/www.sk-uvgele.de\/en\/wp-json\/wp\/v2\/users\/6"}],"replies":[{"embeddable":true,"href":"https:\/\/www.sk-uvgele.de\/en\/wp-json\/wp\/v2\/comments?post=11697"}],"version-history":[{"count":0,"href":"https:\/\/www.sk-uvgele.de\/en\/wp-json\/wp\/v2\/pages\/11697\/revisions"}],"wp:attachment":[{"href":"https:\/\/www.sk-uvgele.de\/en\/wp-json\/wp\/v2\/media?parent=11697"}],"curies":[{"name":"wp","href":"https:\/\/api.w.org\/{rel}","templated":true}]}}