{"id":211,"date":"2021-06-03T06:19:38","date_gmt":"2021-06-03T04:19:38","guid":{"rendered":"http:\/\/www.sk-uvgele.de\/contact\/"},"modified":"2024-11-29T11:21:26","modified_gmt":"2024-11-29T10:21:26","slug":"contact","status":"publish","type":"page","link":"https:\/\/www.sk-uvgele.de\/en\/contact\/","title":{"rendered":"Contact"},"content":{"rendered":"\t\t<div data-elementor-type=\"wp-page\" data-elementor-id=\"211\" class=\"elementor elementor-211\" data-elementor-post-type=\"page\">\n\t\t\t\t\t\t<section class=\"elementor-section elementor-top-section elementor-element elementor-element-cd9983f elementor-section-boxed elementor-section-height-default elementor-section-height-default\" data-id=\"cd9983f\" data-element_type=\"section\" data-e-type=\"section\" data-settings=\"{&quot;background_background&quot;:&quot;classic&quot;}\">\n\t\t\t\t\t\t<div class=\"elementor-container elementor-column-gap-no\">\n\t\t\t\t\t<div class=\"elementor-column elementor-col-100 elementor-top-column elementor-element elementor-element-a0f293b\" data-id=\"a0f293b\" data-element_type=\"column\" data-e-type=\"column\">\n\t\t\t<div class=\"elementor-widget-wrap elementor-element-populated\">\n\t\t\t\t\t\t<div class=\"elementor-element elementor-element-8b74ed5 elementor-widget elementor-widget-heading\" data-id=\"8b74ed5\" data-element_type=\"widget\" data-e-type=\"widget\" data-widget_type=\"heading.default\">\n\t\t\t\t<div class=\"elementor-widget-container\">\n\t\t\t\t\t<h1 class=\"elementor-heading-title elementor-size-default\">Kontakt<\/h1>\t\t\t\t<\/div>\n\t\t\t\t<\/div>\n\t\t\t\t\t<\/div>\n\t\t<\/div>\n\t\t\t\t\t<\/div>\n\t\t<\/section>\n\t\t<div class=\"elementor-element elementor-element-d41fdc3 e-flex e-con-boxed e-con e-parent\" data-id=\"d41fdc3\" data-element_type=\"container\" data-e-type=\"container\">\n\t\t\t\t\t<div class=\"e-con-inner\">\n\t\t<div class=\"elementor-element elementor-element-e326cec e-con-full e-flex elementor-invisible e-con e-child\" data-id=\"e326cec\" data-element_type=\"container\" data-e-type=\"container\" data-settings=\"{&quot;animation&quot;:&quot;fadeInUp&quot;}\">\n\t\t\t\t<div class=\"elementor-element elementor-element-3049ce0 elementor-widget elementor-widget-heading\" data-id=\"3049ce0\" data-element_type=\"widget\" data-e-type=\"widget\" data-widget_type=\"heading.default\">\n\t\t\t\t<div class=\"elementor-widget-container\">\n\t\t\t\t\t<h2 class=\"elementor-heading-title elementor-size-default\">Schreiben Sie uns<\/h2>\t\t\t\t<\/div>\n\t\t\t\t<\/div>\n\t\t\t\t<div class=\"elementor-element elementor-element-c2885bf elementor-widget elementor-widget-text-editor\" data-id=\"c2885bf\" data-element_type=\"widget\" data-e-type=\"widget\" data-widget_type=\"text-editor.default\">\n\t\t\t\t<div class=\"elementor-widget-container\">\n\t\t\t\t\t\t\t\t\t<p>Wir sind von Mo.-Fr. zwischen 9:00 und 17:30 f\u00fcr Sie da, ob telefonisch oder per Mail. Gerne k\u00f6nnen Sie mit uns auch einen Termin f\u00fcr einen Zoom Video-Call vereinbaren.<\/p>\t\t\t\t\t\t\t\t<\/div>\n\t\t\t\t<\/div>\n\t\t\t\t<div class=\"elementor-element elementor-element-95c6532 elementor-button-align-start contact-form-sk elementor-widget elementor-widget-form\" data-id=\"95c6532\" data-element_type=\"widget\" data-e-type=\"widget\" data-settings=\"{&quot;step_next_label&quot;:&quot;N\\u00e4chster&quot;,&quot;step_previous_label&quot;:&quot;Voriger&quot;,&quot;button_width&quot;:&quot;100&quot;,&quot;step_type&quot;:&quot;number_text&quot;,&quot;step_icon_shape&quot;:&quot;circle&quot;}\" data-widget_type=\"form.default\">\n\t\t\t\t<div class=\"elementor-widget-container\">\n\t\t\t\t\t\t\t<form class=\"elementor-form\" method=\"post\" name=\"contact-form-sk\" aria-label=\"contact-form-sk\">\n\t\t\t<input type=\"hidden\" name=\"post_id\" value=\"211\"\/>\n\t\t\t<input type=\"hidden\" name=\"form_id\" value=\"95c6532\"\/>\n\t\t\t<input type=\"hidden\" name=\"referer_title\" value=\"Contact - UV Gele made in germany - SK UV Gele GmbH\" \/>\n\n\t\t\t\t\t\t\t<input type=\"hidden\" name=\"queried_id\" value=\"211\"\/>\n\t\t\t\n\t\t\t<div class=\"elementor-form-fields-wrapper elementor-labels-\">\n\t\t\t\t\t\t\t\t<div class=\"elementor-field-type-recaptcha_v3 elementor-field-group elementor-column elementor-field-group-field_19aad0a elementor-col-100 recaptcha_v3-bottomright\">\n\t\t\t\t\t<div class=\"elementor-field\" id=\"form-field-field_19aad0a\"><div class=\"elementor-g-recaptcha\" data-sitekey=\"6LfOy-EjAAAAAKD6BOiNJz3wFgHqAGTF0bfljSKg\" data-type=\"v3\" data-action=\"Form\" data-badge=\"bottomright\" data-size=\"invisible\"><\/div><\/div>\t\t\t\t<\/div>\n\t\t\t\t\t\t\t\t<div class=\"elementor-field-type-text elementor-field-group elementor-column elementor-field-group-name elementor-col-33 elementor-field-required\">\n\t\t\t\t\t\t\t\t\t\t\t\t\t<input size=\"1\" type=\"text\" name=\"form_fields[name]\" id=\"form-field-name\" class=\"elementor-field elementor-size-sm  elementor-field-textual\" placeholder=\"Vorname*\" required=\"required\">\n\t\t\t\t\t\t\t\t\t\t\t<\/div>\n\t\t\t\t\t\t\t\t<div class=\"elementor-field-type-text elementor-field-group elementor-column elementor-field-group-surname elementor-col-33 elementor-field-required\">\n\t\t\t\t\t\t\t\t\t\t\t\t\t<input size=\"1\" type=\"text\" name=\"form_fields[surname]\" id=\"form-field-surname\" class=\"elementor-field elementor-size-sm  elementor-field-textual\" placeholder=\"Nachname*\" required=\"required\">\n\t\t\t\t\t\t\t\t\t\t\t<\/div>\n\t\t\t\t\t\t\t\t<div class=\"elementor-field-type-text elementor-field-group elementor-column elementor-field-group-firma elementor-col-33 elementor-field-required\">\n\t\t\t\t\t\t\t\t\t\t\t\t\t<input size=\"1\" type=\"text\" name=\"form_fields[firma]\" id=\"form-field-firma\" class=\"elementor-field elementor-size-sm  elementor-field-textual\" placeholder=\"Firma*\" required=\"required\">\n\t\t\t\t\t\t\t\t\t\t\t<\/div>\n\t\t\t\t\t\t\t\t<div class=\"elementor-field-type-text elementor-field-group elementor-column elementor-field-group-street elementor-col-33 elementor-field-required\">\n\t\t\t\t\t\t\t\t\t\t\t\t\t<input size=\"1\" type=\"text\" name=\"form_fields[street]\" id=\"form-field-street\" class=\"elementor-field elementor-size-sm  elementor-field-textual\" placeholder=\"Stra\u00dfe\/Nr.*\" required=\"required\">\n\t\t\t\t\t\t\t\t\t\t\t<\/div>\n\t\t\t\t\t\t\t\t<div class=\"elementor-field-type-text elementor-field-group elementor-column elementor-field-group-postal elementor-col-33 elementor-field-required\">\n\t\t\t\t\t\t\t\t\t\t\t\t\t<input size=\"1\" type=\"text\" name=\"form_fields[postal]\" id=\"form-field-postal\" class=\"elementor-field elementor-size-sm  elementor-field-textual\" placeholder=\"PLZ\/Stadt*\" required=\"required\">\n\t\t\t\t\t\t\t\t\t\t\t<\/div>\n\t\t\t\t\t\t\t\t<div class=\"elementor-field-type-text elementor-field-group elementor-column elementor-field-group-land elementor-col-33 elementor-field-required\">\n\t\t\t\t\t\t\t\t\t\t\t\t\t<input size=\"1\" type=\"text\" name=\"form_fields[land]\" id=\"form-field-land\" class=\"elementor-field elementor-size-sm  elementor-field-textual\" placeholder=\"Land*\" required=\"required\">\n\t\t\t\t\t\t\t\t\t\t\t<\/div>\n\t\t\t\t\t\t\t\t<div class=\"elementor-field-type-email elementor-field-group elementor-column elementor-field-group-email elementor-col-33 elementor-field-required\">\n\t\t\t\t\t\t\t\t\t\t\t\t\t<input size=\"1\" type=\"email\" name=\"form_fields[email]\" id=\"form-field-email\" class=\"elementor-field elementor-size-sm  elementor-field-textual\" placeholder=\"E-Mail*\" required=\"required\">\n\t\t\t\t\t\t\t\t\t\t\t<\/div>\n\t\t\t\t\t\t\t\t<div class=\"elementor-field-type-text elementor-field-group elementor-column elementor-field-group-homepage elementor-col-33 elementor-field-required\">\n\t\t\t\t\t\t\t\t\t\t\t\t\t<input size=\"1\" type=\"text\" name=\"form_fields[homepage]\" id=\"form-field-homepage\" class=\"elementor-field elementor-size-sm  elementor-field-textual\" placeholder=\"Homepage*\" required=\"required\">\n\t\t\t\t\t\t\t\t\t\t\t<\/div>\n\t\t\t\t\t\t\t\t<div class=\"elementor-field-type-tel elementor-field-group elementor-column elementor-field-group-phone elementor-col-33 elementor-field-required\">\n\t\t\t\t\t\t\t<input size=\"1\" type=\"tel\" name=\"form_fields[phone]\" id=\"form-field-phone\" class=\"elementor-field elementor-size-sm  elementor-field-textual\" placeholder=\"Telefon\/Mobil*\" required=\"required\" pattern=\"[0-9()#&amp;+*-=.]+\" title=\"Nur Nummern oder Telefon-Zeichen (#, -, *, etc) werden akzeptiert.\">\n\n\t\t\t\t\t\t<\/div>\n\t\t\t\t\t\t\t\t<div class=\"elementor-field-type-text elementor-field-group elementor-column elementor-field-group-betreff elementor-col-100 elementor-field-required\">\n\t\t\t\t\t\t\t\t\t\t\t\t\t<input size=\"1\" type=\"text\" name=\"form_fields[betreff]\" id=\"form-field-betreff\" class=\"elementor-field elementor-size-sm  elementor-field-textual\" placeholder=\"Betreff*\" required=\"required\">\n\t\t\t\t\t\t\t\t\t\t\t<\/div>\n\t\t\t\t\t\t\t\t<div class=\"elementor-field-type-textarea elementor-field-group elementor-column elementor-field-group-message elementor-col-100 elementor-field-required\">\n\t\t\t\t\t<textarea class=\"elementor-field-textual elementor-field  elementor-size-sm\" name=\"form_fields[message]\" id=\"form-field-message\" rows=\"4\" placeholder=\"Nachricht*\" required=\"required\"><\/textarea>\t\t\t\t<\/div>\n\t\t\t\t\t\t\t\t<div class=\"elementor-field-type-text\">\n\t\t\t\t\t<input size=\"1\" type=\"text\" name=\"form_fields[field_c329da5]\" id=\"form-field-field_c329da5\" class=\"elementor-field elementor-size-sm \" style=\"display:none !important;\">\t\t\t\t<\/div>\n\t\t\t\t\t\t\t\t<div class=\"elementor-field-type-acceptance elementor-field-group elementor-column elementor-field-group-datapolicy elementor-col-100 elementor-field-required\">\n\t\t\t\t\t\t\t\t\t\t\t\t<label for=\"form-field-datapolicy\" class=\"elementor-field-label elementor-screen-only\">\n\t\t\t\t\t\t\t\tDatenschutz\t\t\t\t\t\t\t<\/label>\n\t\t\t\t\t\t\t\t<div class=\"elementor-field-subgroup\">\n\t\t\t<span class=\"elementor-field-option\">\n\t\t\t\t<input type=\"checkbox\" name=\"form_fields[datapolicy]\" id=\"form-field-datapolicy\" class=\"elementor-field elementor-size-sm  elementor-acceptance-field\" required=\"required\">\n\t\t\t\t<label for=\"form-field-datapolicy\">Hiermit stimme ich der Verarbeitung meiner personenbezogenen Daten zur Bearbeitung meiner Anfrage zu. <br>Ich habe die <a  href=\"https:\/\/www.sk-uvgele.de\/datenschutz\/\">Datenschutzerkl\u00e4rung<\/a> zur Kenntnis genommen.\n<\/label>\t\t\t<\/span>\n\t\t<\/div>\n\t\t\t\t\t\t<\/div>\n\t\t\t\t\t\t\t\t<div class=\"elementor-field-group elementor-column elementor-field-type-submit elementor-col-100 e-form__buttons\">\n\t\t\t\t\t<button class=\"elementor-button elementor-size-sm\" type=\"submit\" id=\"btn-form\">\n\t\t\t\t\t\t<span class=\"elementor-button-content-wrapper\">\n\t\t\t\t\t\t\t\t\t\t\t\t\t\t\t\t\t\t\t\t\t\t<span class=\"elementor-button-text\">Senden<\/span>\n\t\t\t\t\t\t\t\t\t\t\t\t\t<\/span>\n\t\t\t\t\t<\/button>\n\t\t\t\t<\/div>\n\t\t\t<\/div>\n\t\t<\/form>\n\t\t\t\t\t\t<\/div>\n\t\t\t\t<\/div>\n\t\t\t\t<\/div>\n\t\t<div class=\"elementor-element elementor-element-c70da4b e-con-full e-flex elementor-invisible e-con e-child\" data-id=\"c70da4b\" data-element_type=\"container\" data-e-type=\"container\" data-settings=\"{&quot;animation&quot;:&quot;fadeInUp&quot;}\">\n\t\t\t\t<div class=\"elementor-element elementor-element-9bcc817 elementor-widget elementor-widget-html\" data-id=\"9bcc817\" data-element_type=\"widget\" data-e-type=\"widget\" data-widget_type=\"html.default\">\n\t\t\t\t<div class=\"elementor-widget-container\">\n\t\t\t\t\t<iframe src=\"https:\/\/www.google.com\/maps\/embed?pb=!1m14!1m8!1m3!1d10007.056248345369!2d6.390043!3d51.168139!3m2!1i1024!2i768!4f13.1!3m3!1m2!1s0x47bf54cc0bcf2d6b%3A0x41f57edcda0e7010!2sDahlener%20Heide%201%2C%2041179%20M%C3%B6nchengladbach%2C%20Deutschland!5e0!3m2!1sde!2sus!4v1666958888185!5m2!1sde!2sus\" width=\"600\" height=\"450\" style=\"border:0;\" allowfullscreen=\"\" loading=\"lazy\" referrerpolicy=\"no-referrer-when-downgrade\"><\/iframe>\t\t\t\t<\/div>\n\t\t\t\t<\/div>\n\t\t<div class=\"elementor-element elementor-element-3ae8f9d e-con-full e-flex e-con e-child\" data-id=\"3ae8f9d\" data-element_type=\"container\" data-e-type=\"container\" data-settings=\"{&quot;background_background&quot;:&quot;classic&quot;}\">\n\t\t<div class=\"elementor-element elementor-element-231eb19 e-con-full sk-flex-edit-links e-flex e-con e-child\" data-id=\"231eb19\" data-element_type=\"container\" data-e-type=\"container\">\n\t\t\t\t<div class=\"elementor-element elementor-element-09385fe elementor-widget elementor-widget-heading\" data-id=\"09385fe\" data-element_type=\"widget\" data-e-type=\"widget\" data-widget_type=\"heading.default\">\n\t\t\t\t<div class=\"elementor-widget-container\">\n\t\t\t\t\t<h3 class=\"elementor-heading-title elementor-size-default\">Telefon<\/h3>\t\t\t\t<\/div>\n\t\t\t\t<\/div>\n\t\t\t\t<div class=\"elementor-element elementor-element-2982477 elementor-widget elementor-widget-text-editor\" data-id=\"2982477\" data-element_type=\"widget\" data-e-type=\"widget\" data-widget_type=\"text-editor.default\">\n\t\t\t\t<div class=\"elementor-widget-container\">\n\t\t\t\t\t\t\t\t\t<a href=\"tel:+4921614793030\">+49 (0) 2161 479 30 30<\/a>\t\t\t\t\t\t\t\t<\/div>\n\t\t\t\t<\/div>\n\t\t\t\t<\/div>\n\t\t<div class=\"elementor-element elementor-element-cfe9ba7 e-con-full sk-flex-edit-links e-flex e-con e-child\" data-id=\"cfe9ba7\" data-element_type=\"container\" data-e-type=\"container\">\n\t\t\t\t<div class=\"elementor-element elementor-element-a6248be elementor-widget elementor-widget-heading\" data-id=\"a6248be\" data-element_type=\"widget\" data-e-type=\"widget\" data-widget_type=\"heading.default\">\n\t\t\t\t<div class=\"elementor-widget-container\">\n\t\t\t\t\t<h3 class=\"elementor-heading-title elementor-size-default\">Adresse<\/h3>\t\t\t\t<\/div>\n\t\t\t\t<\/div>\n\t\t\t\t<div class=\"elementor-element elementor-element-8b82333 elementor-widget elementor-widget-text-editor\" data-id=\"8b82333\" data-element_type=\"widget\" data-e-type=\"widget\" data-widget_type=\"text-editor.default\">\n\t\t\t\t<div class=\"elementor-widget-container\">\n\t\t\t\t\t\t\t\t\t<p>SK UV Gele GmbH<br \/>Dahlener Heide 1-3<br \/>41179 M\u00f6nchengladbach<br \/>Germany<\/p>\t\t\t\t\t\t\t\t<\/div>\n\t\t\t\t<\/div>\n\t\t\t\t<\/div>\n\t\t<div class=\"elementor-element elementor-element-bc7f83c e-con-full sk-flex-edit-links e-flex e-con e-child\" data-id=\"bc7f83c\" data-element_type=\"container\" data-e-type=\"container\">\n\t\t\t\t<div class=\"elementor-element elementor-element-651292c elementor-widget elementor-widget-heading\" data-id=\"651292c\" data-element_type=\"widget\" data-e-type=\"widget\" data-widget_type=\"heading.default\">\n\t\t\t\t<div class=\"elementor-widget-container\">\n\t\t\t\t\t<h3 class=\"elementor-heading-title elementor-size-default\">E-Mail<\/h3>\t\t\t\t<\/div>\n\t\t\t\t<\/div>\n\t\t\t\t<div class=\"elementor-element elementor-element-8f9bacc elementor-widget elementor-widget-text-editor\" data-id=\"8f9bacc\" data-element_type=\"widget\" data-e-type=\"widget\" data-widget_type=\"text-editor.default\">\n\t\t\t\t<div class=\"elementor-widget-container\">\n\t\t\t\t\t\t\t\t\t<a id=\"contact-mail\" href=\"mailto:info@sk-uvgele.de\">info@sk-uvgele.de<\/a>\t\t\t\t\t\t\t\t<\/div>\n\t\t\t\t<\/div>\n\t\t\t\t<\/div>\n\t\t\t\t<\/div>\n\t\t\t\t<div class=\"elementor-element elementor-element-5946f60 sk-captcha-contact elementor-widget elementor-widget-text-editor\" data-id=\"5946f60\" data-element_type=\"widget\" data-e-type=\"widget\" data-widget_type=\"text-editor.default\">\n\t\t\t\t<div class=\"elementor-widget-container\">\n\t\t\t\t\t\t\t\t\t<p>Diese Website ist durch reCAPTCHA gesch\u00fctzt und es gelten die\u00a0<a href=\"https:\/\/policies.google.com\/privacy\">Datenschutzbestimmungen<\/a>\u00a0und\u00a0<a href=\"https:\/\/policies.google.com\/terms\" target=\"_blank\" rel=\"noreferrer noopener\">Nutzungsbedingungen<\/a>\u00a0von Google.<\/p>\t\t\t\t\t\t\t\t<\/div>\n\t\t\t\t<\/div>\n\t\t\t\t<\/div>\n\t\t\t\t\t<\/div>\n\t\t\t\t<\/div>\n\t\t\t\t<\/div>\n\t\t","protected":false},"excerpt":{"rendered":"<p>Kontakt Schreiben Sie uns Wir sind von Mo.-Fr. zwischen 9:00 und 17:30 f\u00fcr Sie da, ob telefonisch oder per Mail. Gerne k\u00f6nnen Sie mit uns auch einen Termin f\u00fcr einen Zoom Video-Call vereinbaren. Telefon +49 (0) 2161 479 30 30 Adresse SK UV Gele GmbHDahlener Heide 1-341179 M\u00f6nchengladbachGermany E-Mail info@sk-uvgele.de Diese Website ist durch reCAPTCHA [&hellip;]<\/p>\n","protected":false},"author":6,"featured_media":110,"parent":0,"menu_order":0,"comment_status":"closed","ping_status":"closed","template":"","meta":{"footnotes":""},"class_list":["post-211","page","type-page","status-publish","has-post-thumbnail","hentry"],"yoast_head":"<!-- This site is optimized with the Yoast SEO plugin v27.5 - https:\/\/yoast.com\/product\/yoast-seo-wordpress\/ -->\n<title>Contact - UV Gele made in germany - SK UV Gele GmbH<\/title>\n<meta name=\"description\" content=\"Wir sind von Mo.-Fr. zwischen 9:00 und 17:30 f\u00fcr Sie da, ob telefonisch oder per Mail. UV Gele made in germany - SK UV Gele GmbH\" \/>\n<meta name=\"robots\" content=\"index, follow, max-snippet:-1, max-image-preview:large, max-video-preview:-1\" \/>\n<link rel=\"canonical\" href=\"https:\/\/www.sk-uvgele.de\/en\/contact\/\" \/>\n<meta property=\"og:locale\" content=\"en_GB\" \/>\n<meta property=\"og:type\" content=\"article\" \/>\n<meta property=\"og:title\" content=\"Contact - UV Gele made in germany - SK UV Gele GmbH\" \/>\n<meta property=\"og:description\" content=\"Wir sind von Mo.-Fr. zwischen 9:00 und 17:30 f\u00fcr Sie da, ob telefonisch oder per Mail. UV Gele made in germany - SK UV Gele GmbH\" \/>\n<meta property=\"og:url\" content=\"https:\/\/www.sk-uvgele.de\/en\/contact\/\" \/>\n<meta property=\"og:site_name\" content=\"UV Gele made in germany - SK UV Gele GmbH\" \/>\n<meta property=\"article:modified_time\" content=\"2024-11-29T10:21:26+00:00\" \/>\n<meta property=\"og:image\" content=\"https:\/\/www.sk-uvgele.de\/wp-content\/uploads\/2022\/10\/SK-UV-GELE_Logo-rund_positiv.png\" \/>\n\t<meta property=\"og:image:width\" content=\"1727\" \/>\n\t<meta property=\"og:image:height\" content=\"1727\" \/>\n\t<meta property=\"og:image:type\" content=\"image\/png\" \/>\n<meta name=\"twitter:card\" content=\"summary_large_image\" \/>\n<meta name=\"twitter:label1\" content=\"Estimated reading time\" \/>\n\t<meta name=\"twitter:data1\" content=\"1 minute\" \/>\n<script type=\"application\/ld+json\" class=\"yoast-schema-graph\">{\"@context\":\"https:\\\/\\\/schema.org\",\"@graph\":[{\"@type\":\"WebPage\",\"@id\":\"https:\\\/\\\/www.sk-uvgele.de\\\/contact\\\/\",\"url\":\"https:\\\/\\\/www.sk-uvgele.de\\\/contact\\\/\",\"name\":\"Contact - UV Gele made in germany - SK UV Gele GmbH\",\"isPartOf\":{\"@id\":\"https:\\\/\\\/www.sk-uvgele.de\\\/#website\"},\"primaryImageOfPage\":{\"@id\":\"https:\\\/\\\/www.sk-uvgele.de\\\/contact\\\/#primaryimage\"},\"image\":{\"@id\":\"https:\\\/\\\/www.sk-uvgele.de\\\/contact\\\/#primaryimage\"},\"thumbnailUrl\":\"https:\\\/\\\/www.sk-uvgele.de\\\/wp-content\\\/uploads\\\/2022\\\/10\\\/SK-UV-GELE_Logo-rund_positiv.png\",\"datePublished\":\"2021-06-03T04:19:38+00:00\",\"dateModified\":\"2024-11-29T10:21:26+00:00\",\"description\":\"Wir sind von Mo.-Fr. zwischen 9:00 und 17:30 f\u00fcr Sie da, ob telefonisch oder per Mail. UV Gele made in germany - SK UV Gele GmbH\",\"breadcrumb\":{\"@id\":\"https:\\\/\\\/www.sk-uvgele.de\\\/contact\\\/#breadcrumb\"},\"inLanguage\":\"en-GB\",\"potentialAction\":[{\"@type\":\"ReadAction\",\"target\":[\"https:\\\/\\\/www.sk-uvgele.de\\\/contact\\\/\"]}]},{\"@type\":\"ImageObject\",\"inLanguage\":\"en-GB\",\"@id\":\"https:\\\/\\\/www.sk-uvgele.de\\\/contact\\\/#primaryimage\",\"url\":\"https:\\\/\\\/www.sk-uvgele.de\\\/wp-content\\\/uploads\\\/2022\\\/10\\\/SK-UV-GELE_Logo-rund_positiv.png\",\"contentUrl\":\"https:\\\/\\\/www.sk-uvgele.de\\\/wp-content\\\/uploads\\\/2022\\\/10\\\/SK-UV-GELE_Logo-rund_positiv.png\",\"width\":1727,\"height\":1727,\"caption\":\"SK UV Gele GmbH Firmenlogo Emblem\"},{\"@type\":\"BreadcrumbList\",\"@id\":\"https:\\\/\\\/www.sk-uvgele.de\\\/contact\\\/#breadcrumb\",\"itemListElement\":[{\"@type\":\"ListItem\",\"position\":1,\"name\":\"Home\",\"item\":\"https:\\\/\\\/www.sk-uvgele.de\\\/\"},{\"@type\":\"ListItem\",\"position\":2,\"name\":\"Contact\"}]},{\"@type\":\"WebSite\",\"@id\":\"https:\\\/\\\/www.sk-uvgele.de\\\/#website\",\"url\":\"https:\\\/\\\/www.sk-uvgele.de\\\/\",\"name\":\"UV Gele made in germany - SK UV Gele GmbH\",\"description\":\"Ihr Private Label Hersteller f\u00fcr UV Gele in Deutschland\",\"publisher\":{\"@id\":\"https:\\\/\\\/www.sk-uvgele.de\\\/#organization\"},\"alternateName\":\"SK UV Gele GmbH\",\"potentialAction\":[{\"@type\":\"SearchAction\",\"target\":{\"@type\":\"EntryPoint\",\"urlTemplate\":\"https:\\\/\\\/www.sk-uvgele.de\\\/?s={search_term_string}\"},\"query-input\":{\"@type\":\"PropertyValueSpecification\",\"valueRequired\":true,\"valueName\":\"search_term_string\"}}],\"inLanguage\":\"en-GB\"},{\"@type\":\"Organization\",\"@id\":\"https:\\\/\\\/www.sk-uvgele.de\\\/#organization\",\"name\":\"SK UV Gele GmbH\",\"alternateName\":\"SK UV Gele GmbH\",\"url\":\"https:\\\/\\\/www.sk-uvgele.de\\\/\",\"logo\":{\"@type\":\"ImageObject\",\"inLanguage\":\"en-GB\",\"@id\":\"https:\\\/\\\/www.sk-uvgele.de\\\/#\\\/schema\\\/logo\\\/image\\\/\",\"url\":\"https:\\\/\\\/www.sk-uvgele.de\\\/wp-content\\\/uploads\\\/2023\\\/07\\\/sk-logo-dark_.png\",\"contentUrl\":\"https:\\\/\\\/www.sk-uvgele.de\\\/wp-content\\\/uploads\\\/2023\\\/07\\\/sk-logo-dark_.png\",\"width\":287,\"height\":120,\"caption\":\"SK UV Gele GmbH\"},\"image\":{\"@id\":\"https:\\\/\\\/www.sk-uvgele.de\\\/#\\\/schema\\\/logo\\\/image\\\/\"}}]}<\/script>\n<!-- \/ Yoast SEO plugin. -->","yoast_head_json":{"title":"Contact - UV Gele made in germany - SK UV Gele GmbH","description":"Wir sind von Mo.-Fr. zwischen 9:00 und 17:30 f\u00fcr Sie da, ob telefonisch oder per Mail. UV Gele made in germany - SK UV Gele GmbH","robots":{"index":"index","follow":"follow","max-snippet":"max-snippet:-1","max-image-preview":"max-image-preview:large","max-video-preview":"max-video-preview:-1"},"canonical":"https:\/\/www.sk-uvgele.de\/en\/contact\/","og_locale":"en_GB","og_type":"article","og_title":"Contact - UV Gele made in germany - SK UV Gele GmbH","og_description":"Wir sind von Mo.-Fr. zwischen 9:00 und 17:30 f\u00fcr Sie da, ob telefonisch oder per Mail. UV Gele made in germany - SK UV Gele GmbH","og_url":"https:\/\/www.sk-uvgele.de\/en\/contact\/","og_site_name":"UV Gele made in germany - SK UV Gele GmbH","article_modified_time":"2024-11-29T10:21:26+00:00","og_image":[{"width":1727,"height":1727,"url":"https:\/\/www.sk-uvgele.de\/wp-content\/uploads\/2022\/10\/SK-UV-GELE_Logo-rund_positiv.png","type":"image\/png"}],"twitter_card":"summary_large_image","twitter_misc":{"Estimated reading time":"1 minute"},"schema":{"@context":"https:\/\/schema.org","@graph":[{"@type":"WebPage","@id":"https:\/\/www.sk-uvgele.de\/contact\/","url":"https:\/\/www.sk-uvgele.de\/contact\/","name":"Contact - UV Gele made in germany - SK UV Gele GmbH","isPartOf":{"@id":"https:\/\/www.sk-uvgele.de\/#website"},"primaryImageOfPage":{"@id":"https:\/\/www.sk-uvgele.de\/contact\/#primaryimage"},"image":{"@id":"https:\/\/www.sk-uvgele.de\/contact\/#primaryimage"},"thumbnailUrl":"https:\/\/www.sk-uvgele.de\/wp-content\/uploads\/2022\/10\/SK-UV-GELE_Logo-rund_positiv.png","datePublished":"2021-06-03T04:19:38+00:00","dateModified":"2024-11-29T10:21:26+00:00","description":"Wir sind von Mo.-Fr. zwischen 9:00 und 17:30 f\u00fcr Sie da, ob telefonisch oder per Mail. UV Gele made in germany - SK UV Gele GmbH","breadcrumb":{"@id":"https:\/\/www.sk-uvgele.de\/contact\/#breadcrumb"},"inLanguage":"en-GB","potentialAction":[{"@type":"ReadAction","target":["https:\/\/www.sk-uvgele.de\/contact\/"]}]},{"@type":"ImageObject","inLanguage":"en-GB","@id":"https:\/\/www.sk-uvgele.de\/contact\/#primaryimage","url":"https:\/\/www.sk-uvgele.de\/wp-content\/uploads\/2022\/10\/SK-UV-GELE_Logo-rund_positiv.png","contentUrl":"https:\/\/www.sk-uvgele.de\/wp-content\/uploads\/2022\/10\/SK-UV-GELE_Logo-rund_positiv.png","width":1727,"height":1727,"caption":"SK UV Gele GmbH Firmenlogo Emblem"},{"@type":"BreadcrumbList","@id":"https:\/\/www.sk-uvgele.de\/contact\/#breadcrumb","itemListElement":[{"@type":"ListItem","position":1,"name":"Home","item":"https:\/\/www.sk-uvgele.de\/"},{"@type":"ListItem","position":2,"name":"Contact"}]},{"@type":"WebSite","@id":"https:\/\/www.sk-uvgele.de\/#website","url":"https:\/\/www.sk-uvgele.de\/","name":"UV Gele made in germany - SK UV Gele GmbH","description":"Ihr Private Label Hersteller f\u00fcr UV Gele in Deutschland","publisher":{"@id":"https:\/\/www.sk-uvgele.de\/#organization"},"alternateName":"SK UV Gele GmbH","potentialAction":[{"@type":"SearchAction","target":{"@type":"EntryPoint","urlTemplate":"https:\/\/www.sk-uvgele.de\/?s={search_term_string}"},"query-input":{"@type":"PropertyValueSpecification","valueRequired":true,"valueName":"search_term_string"}}],"inLanguage":"en-GB"},{"@type":"Organization","@id":"https:\/\/www.sk-uvgele.de\/#organization","name":"SK UV Gele GmbH","alternateName":"SK UV Gele GmbH","url":"https:\/\/www.sk-uvgele.de\/","logo":{"@type":"ImageObject","inLanguage":"en-GB","@id":"https:\/\/www.sk-uvgele.de\/#\/schema\/logo\/image\/","url":"https:\/\/www.sk-uvgele.de\/wp-content\/uploads\/2023\/07\/sk-logo-dark_.png","contentUrl":"https:\/\/www.sk-uvgele.de\/wp-content\/uploads\/2023\/07\/sk-logo-dark_.png","width":287,"height":120,"caption":"SK UV Gele GmbH"},"image":{"@id":"https:\/\/www.sk-uvgele.de\/#\/schema\/logo\/image\/"}}]}},"_links":{"self":[{"href":"https:\/\/www.sk-uvgele.de\/en\/wp-json\/wp\/v2\/pages\/211","targetHints":{"allow":["GET"]}}],"collection":[{"href":"https:\/\/www.sk-uvgele.de\/en\/wp-json\/wp\/v2\/pages"}],"about":[{"href":"https:\/\/www.sk-uvgele.de\/en\/wp-json\/wp\/v2\/types\/page"}],"author":[{"embeddable":true,"href":"https:\/\/www.sk-uvgele.de\/en\/wp-json\/wp\/v2\/users\/6"}],"replies":[{"embeddable":true,"href":"https:\/\/www.sk-uvgele.de\/en\/wp-json\/wp\/v2\/comments?post=211"}],"version-history":[{"count":0,"href":"https:\/\/www.sk-uvgele.de\/en\/wp-json\/wp\/v2\/pages\/211\/revisions"}],"wp:featuredmedia":[{"embeddable":true,"href":"https:\/\/www.sk-uvgele.de\/en\/wp-json\/wp\/v2\/media\/110"}],"wp:attachment":[{"href":"https:\/\/www.sk-uvgele.de\/en\/wp-json\/wp\/v2\/media?parent=211"}],"curies":[{"name":"wp","href":"https:\/\/api.w.org\/{rel}","templated":true}]}}