{"id":6954,"date":"2020-10-13T10:57:08","date_gmt":"2020-10-13T08:57:08","guid":{"rendered":"https:\/\/www.sk-uvgele.de\/?page_id=371"},"modified":"2025-02-03T15:56:25","modified_gmt":"2025-02-03T14:56:25","slug":"imprint","status":"publish","type":"page","link":"https:\/\/www.sk-uvgele.de\/en\/imprint\/","title":{"rendered":"Imprint"},"content":{"rendered":"<div data-elementor-type=\"wp-page\" data-elementor-id=\"6954\" class=\"elementor elementor-6954\" data-elementor-post-type=\"page\">\n\t\t\t\t\t\t<section class=\"elementor-section elementor-top-section elementor-element elementor-element-6264bc8 elementor-section-boxed elementor-section-height-default elementor-section-height-default\" data-id=\"6264bc8\" data-element_type=\"section\" data-e-type=\"section\" id=\"top-page\">\n\t\t\t\t\t\t<div class=\"elementor-container elementor-column-gap-default\">\n\t\t\t\t\t<div class=\"elementor-column elementor-col-100 elementor-top-column elementor-element elementor-element-ff56435\" data-id=\"ff56435\" data-element_type=\"column\" data-e-type=\"column\">\n\t\t\t<div class=\"elementor-widget-wrap elementor-element-populated\">\n\t\t\t\t\t\t<div class=\"elementor-element elementor-element-5c0f9a4 elementor-widget elementor-widget-heading\" data-id=\"5c0f9a4\" data-element_type=\"widget\" data-e-type=\"widget\" data-widget_type=\"heading.default\">\n\t\t\t\t<div class=\"elementor-widget-container\">\n\t\t\t\t\t<h1 class=\"elementor-heading-title elementor-size-large\">Imprint<\/h1>\t\t\t\t<\/div>\n\t\t\t\t<\/div>\n\t\t\t\t<div class=\"elementor-element elementor-element-e853356 elementor-widget elementor-widget-text-editor\" data-id=\"e853356\" data-element_type=\"widget\" data-e-type=\"widget\" data-widget_type=\"text-editor.default\">\n\t\t\t\t<div class=\"elementor-widget-container\">\n\t\t\t\t\t\t\t\t\t<p>We are your reliable and competent partner for your business. You will find everything to work professionally in fingernail design with us<\/p><p>As a producer and supplier, we place the highest value on quality and compliance with the guidelines and regulations required by law (KVO).<\/p>\t\t\t\t\t\t\t\t<\/div>\n\t\t\t\t<\/div>\n\t\t\t\t<div class=\"elementor-element elementor-element-c7615d3 elementor-widget-divider--view-line elementor-widget elementor-widget-divider\" data-id=\"c7615d3\" data-element_type=\"widget\" data-e-type=\"widget\" data-widget_type=\"divider.default\">\n\t\t\t\t<div class=\"elementor-widget-container\">\n\t\t\t\t\t\t\t<div class=\"elementor-divider\">\n\t\t\t<span class=\"elementor-divider-separator\">\n\t\t\t\t\t\t<\/span>\n\t\t<\/div>\n\t\t\t\t\t\t<\/div>\n\t\t\t\t<\/div>\n\t\t\t\t\t<\/div>\n\t\t<\/div>\n\t\t\t\t\t<\/div>\n\t\t<\/section>\n\t\t\t\t<section class=\"elementor-section elementor-top-section elementor-element elementor-element-d76fe0c elementor-section-boxed elementor-section-height-default elementor-section-height-default\" data-id=\"d76fe0c\" data-element_type=\"section\" data-e-type=\"section\">\n\t\t\t\t\t\t<div class=\"elementor-container elementor-column-gap-default\">\n\t\t\t\t\t<div class=\"elementor-column elementor-col-100 elementor-top-column elementor-element elementor-element-010238a\" data-id=\"010238a\" data-element_type=\"column\" data-e-type=\"column\" data-settings=\"{&quot;background_background&quot;:&quot;classic&quot;}\">\n\t\t\t<div class=\"elementor-widget-wrap elementor-element-populated\">\n\t\t\t\t\t\t<div class=\"elementor-element elementor-element-301eb8a elementor-widget elementor-widget-text-editor\" data-id=\"301eb8a\" data-element_type=\"widget\" data-e-type=\"widget\" data-widget_type=\"text-editor.default\">\n\t\t\t\t<div class=\"elementor-widget-container\">\n\t\t\t\t\t\t\t\t\t<p><strong>Responsible for the content of the website:<\/strong><\/p><p>All rights reserved. Texts, images, graphics, sound, animations and videos are protected by copyright and other protective laws. The content of these websites may not be copied, distributed or made available to third parties for commercial purposes. Errors and omissions excepted.<\/p><p>If there are links to other websites on these pages, we have no influence on all links.<\/p><p>We hereby expressly distance ourselves from all content of the linked websites and for all links created on these websites.<\/p>\t\t\t\t\t\t\t\t<\/div>\n\t\t\t\t<\/div>\n\t\t\t\t\t<\/div>\n\t\t<\/div>\n\t\t\t\t\t<\/div>\n\t\t<\/section>\n\t\t\t\t<section class=\"elementor-section elementor-top-section elementor-element elementor-element-d3b0e7b elementor-section-boxed elementor-section-height-default elementor-section-height-default\" data-id=\"d3b0e7b\" data-element_type=\"section\" data-e-type=\"section\">\n\t\t\t\t\t\t<div class=\"elementor-container elementor-column-gap-default\">\n\t\t\t\t\t<div class=\"elementor-column elementor-col-33 elementor-top-column elementor-element elementor-element-4d86f9a\" data-id=\"4d86f9a\" data-element_type=\"column\" data-e-type=\"column\" data-settings=\"{&quot;background_background&quot;:&quot;classic&quot;}\">\n\t\t\t<div class=\"elementor-widget-wrap elementor-element-populated\">\n\t\t\t\t\t\t<div class=\"elementor-element elementor-element-2230d18 elementor-widget-divider--view-line elementor-widget elementor-widget-divider\" data-id=\"2230d18\" data-element_type=\"widget\" data-e-type=\"widget\" data-widget_type=\"divider.default\">\n\t\t\t\t<div class=\"elementor-widget-container\">\n\t\t\t\t\t\t\t<div class=\"elementor-divider\">\n\t\t\t<span class=\"elementor-divider-separator\">\n\t\t\t\t\t\t<\/span>\n\t\t<\/div>\n\t\t\t\t\t\t<\/div>\n\t\t\t\t<\/div>\n\t\t\t\t<div class=\"elementor-element elementor-element-3f91e0a elementor-widget elementor-widget-text-editor\" data-id=\"3f91e0a\" data-element_type=\"widget\" data-e-type=\"widget\" data-widget_type=\"text-editor.default\">\n\t\t\t\t<div class=\"elementor-widget-container\">\n\t\t\t\t\t\t\t\t\t<p><strong>SK UV Gele GmbH<\/strong><br \/>Dahlener Heide 1-3<br \/>41179 M\u00f6nchengladbach<br \/>Germany<\/p>\t\t\t\t\t\t\t\t<\/div>\n\t\t\t\t<\/div>\n\t\t\t\t\t<\/div>\n\t\t<\/div>\n\t\t\t\t<div class=\"elementor-column elementor-col-33 elementor-top-column elementor-element elementor-element-e9d09f8\" data-id=\"e9d09f8\" data-element_type=\"column\" data-e-type=\"column\" data-settings=\"{&quot;background_background&quot;:&quot;classic&quot;}\">\n\t\t\t<div class=\"elementor-widget-wrap elementor-element-populated\">\n\t\t\t\t\t\t<div class=\"elementor-element elementor-element-6518763 elementor-widget-divider--view-line elementor-widget elementor-widget-divider\" data-id=\"6518763\" data-element_type=\"widget\" data-e-type=\"widget\" data-widget_type=\"divider.default\">\n\t\t\t\t<div class=\"elementor-widget-container\">\n\t\t\t\t\t\t\t<div class=\"elementor-divider\">\n\t\t\t<span class=\"elementor-divider-separator\">\n\t\t\t\t\t\t<\/span>\n\t\t<\/div>\n\t\t\t\t\t\t<\/div>\n\t\t\t\t<\/div>\n\t\t\t\t<div class=\"elementor-element elementor-element-95a5a03 elementor-widget elementor-widget-text-editor\" data-id=\"95a5a03\" data-element_type=\"widget\" data-e-type=\"widget\" data-widget_type=\"text-editor.default\">\n\t\t\t\t<div class=\"elementor-widget-container\">\n\t\t\t\t\t\t\t\t\t<p><strong>Phone: 0049 (0) 21 61 479 30 30<\/strong><br \/><strong>Fax: 0049 (0) 21 61 479 30 39<\/strong><\/p><p>info@sk-uvgele.de<br \/>www.sk-uvgele.de\/en\/<\/p>\t\t\t\t\t\t\t\t<\/div>\n\t\t\t\t<\/div>\n\t\t\t\t\t<\/div>\n\t\t<\/div>\n\t\t\t\t<div class=\"elementor-column elementor-col-33 elementor-top-column elementor-element elementor-element-8d9b46d\" data-id=\"8d9b46d\" data-element_type=\"column\" data-e-type=\"column\" data-settings=\"{&quot;background_background&quot;:&quot;classic&quot;}\">\n\t\t\t<div class=\"elementor-widget-wrap elementor-element-populated\">\n\t\t\t\t\t\t<div class=\"elementor-element elementor-element-17f1e34 elementor-widget-divider--view-line elementor-widget elementor-widget-divider\" data-id=\"17f1e34\" data-element_type=\"widget\" data-e-type=\"widget\" data-widget_type=\"divider.default\">\n\t\t\t\t<div class=\"elementor-widget-container\">\n\t\t\t\t\t\t\t<div class=\"elementor-divider\">\n\t\t\t<span class=\"elementor-divider-separator\">\n\t\t\t\t\t\t<\/span>\n\t\t<\/div>\n\t\t\t\t\t\t<\/div>\n\t\t\t\t<\/div>\n\t\t\t\t<div class=\"elementor-element elementor-element-3458613 elementor-widget elementor-widget-text-editor\" data-id=\"3458613\" data-element_type=\"widget\" data-e-type=\"widget\" data-widget_type=\"text-editor.default\">\n\t\t\t\t<div class=\"elementor-widget-container\">\n\t\t\t\t\t\t\t\t\t<p><strong>CEO: Nicole Simon<\/strong><\/p><p>HRB 13921<br \/>Amtsgericht M\u00f6nchengladbach<br \/>UStid-Nr. DE272304465<\/p>\t\t\t\t\t\t\t\t<\/div>\n\t\t\t\t<\/div>\n\t\t\t\t\t<\/div>\n\t\t<\/div>\n\t\t\t\t\t<\/div>\n\t\t<\/section>\n\t\t\t\t<\/div>","protected":false},"excerpt":{"rendered":"<p>Impressum Wir sind Ihr zuverl\u00e4ssiger und kompetenter Partner f\u00fcr Ihr Business. Sie finden bei uns alles, um im Fingernagel-Design professionell arbeiten zu k\u00f6nnen. Als Produzent und Lieferant legen wir h\u00f6chsten Wert auf Qualit\u00e4t und die Einhaltung der vom Gesetzgeber geforderten Richtlinien und Verordnungen (KVO). Verantwortlich f\u00fcr den Inhalt des Internet-Auftritts: Alle Rechte vorbehalten. Texte, Bilder, [&hellip;]<\/p>\n","protected":false},"author":6,"featured_media":251,"parent":0,"menu_order":5000,"comment_status":"closed","ping_status":"closed","template":"","meta":{"footnotes":""},"class_list":["post-6954","page","type-page","status-publish","has-post-thumbnail","hentry"],"yoast_head":"<!-- This site is optimized with the Yoast SEO plugin v27.4 - https:\/\/yoast.com\/product\/yoast-seo-wordpress\/ -->\n<title>Impressum - UV Gele made in germany - SK UV Gele GmbH<\/title>\n<meta name=\"description\" content=\"Impressum\" \/>\n<meta name=\"robots\" content=\"noindex, nofollow\" \/>\n<meta property=\"og:locale\" content=\"en_GB\" \/>\n<meta property=\"og:type\" content=\"article\" \/>\n<meta property=\"og:title\" content=\"Impressum - UV Gele made in germany - SK UV Gele GmbH\" \/>\n<meta property=\"og:description\" content=\"Impressum\" \/>\n<meta property=\"og:url\" content=\"https:\/\/www.sk-uvgele.de\/en\/imprint\/\" \/>\n<meta property=\"og:site_name\" content=\"UV Gele made in germany - SK UV Gele GmbH\" \/>\n<meta property=\"article:modified_time\" content=\"2025-02-03T14:56:25+00:00\" \/>\n<meta property=\"og:image\" content=\"https:\/\/www.sk-uvgele.de\/wp-content\/uploads\/2023\/01\/Isolated-splash-of-red-liquid-on-a-white-background-7530.jpg\" \/>\n\t<meta property=\"og:image:width\" content=\"2560\" \/>\n\t<meta property=\"og:image:height\" content=\"1440\" \/>\n\t<meta property=\"og:image:type\" content=\"image\/jpeg\" \/>\n<meta name=\"twitter:card\" content=\"summary_large_image\" \/>\n<meta name=\"twitter:label1\" content=\"Estimated reading time\" \/>\n\t<meta name=\"twitter:data1\" content=\"1 minute\" \/>\n<script type=\"application\/ld+json\" class=\"yoast-schema-graph\">{\"@context\":\"https:\\\/\\\/schema.org\",\"@graph\":[{\"@type\":\"WebPage\",\"@id\":\"https:\\\/\\\/www.sk-uvgele.de\\\/imprint\\\/\",\"url\":\"https:\\\/\\\/www.sk-uvgele.de\\\/imprint\\\/\",\"name\":\"Impressum - UV Gele made in germany - SK UV Gele GmbH\",\"isPartOf\":{\"@id\":\"https:\\\/\\\/www.sk-uvgele.de\\\/#website\"},\"primaryImageOfPage\":{\"@id\":\"https:\\\/\\\/www.sk-uvgele.de\\\/imprint\\\/#primaryimage\"},\"image\":{\"@id\":\"https:\\\/\\\/www.sk-uvgele.de\\\/imprint\\\/#primaryimage\"},\"thumbnailUrl\":\"\",\"datePublished\":\"2020-10-13T08:57:08+00:00\",\"dateModified\":\"2025-02-03T14:56:25+00:00\",\"description\":\"Impressum\",\"breadcrumb\":{\"@id\":\"https:\\\/\\\/www.sk-uvgele.de\\\/imprint\\\/#breadcrumb\"},\"inLanguage\":\"en-GB\",\"potentialAction\":[{\"@type\":\"ReadAction\",\"target\":[\"https:\\\/\\\/www.sk-uvgele.de\\\/imprint\\\/\"]}]},{\"@type\":\"ImageObject\",\"inLanguage\":\"en-GB\",\"@id\":\"https:\\\/\\\/www.sk-uvgele.de\\\/imprint\\\/#primaryimage\",\"url\":\"\",\"contentUrl\":\"\"},{\"@type\":\"BreadcrumbList\",\"@id\":\"https:\\\/\\\/www.sk-uvgele.de\\\/imprint\\\/#breadcrumb\",\"itemListElement\":[{\"@type\":\"ListItem\",\"position\":1,\"name\":\"Home\",\"item\":\"https:\\\/\\\/www.sk-uvgele.de\\\/\"},{\"@type\":\"ListItem\",\"position\":2,\"name\":\"Impressum\"}]},{\"@type\":\"WebSite\",\"@id\":\"https:\\\/\\\/www.sk-uvgele.de\\\/#website\",\"url\":\"https:\\\/\\\/www.sk-uvgele.de\\\/\",\"name\":\"UV Gele made in germany - SK UV Gele GmbH\",\"description\":\"Ihr Private Label Hersteller f\u00fcr UV Gele in Deutschland\",\"publisher\":{\"@id\":\"https:\\\/\\\/www.sk-uvgele.de\\\/#organization\"},\"alternateName\":\"SK UV Gele GmbH\",\"potentialAction\":[{\"@type\":\"SearchAction\",\"target\":{\"@type\":\"EntryPoint\",\"urlTemplate\":\"https:\\\/\\\/www.sk-uvgele.de\\\/?s={search_term_string}\"},\"query-input\":{\"@type\":\"PropertyValueSpecification\",\"valueRequired\":true,\"valueName\":\"search_term_string\"}}],\"inLanguage\":\"en-GB\"},{\"@type\":\"Organization\",\"@id\":\"https:\\\/\\\/www.sk-uvgele.de\\\/#organization\",\"name\":\"SK UV Gele GmbH\",\"alternateName\":\"SK UV Gele GmbH\",\"url\":\"https:\\\/\\\/www.sk-uvgele.de\\\/\",\"logo\":{\"@type\":\"ImageObject\",\"inLanguage\":\"en-GB\",\"@id\":\"https:\\\/\\\/www.sk-uvgele.de\\\/#\\\/schema\\\/logo\\\/image\\\/\",\"url\":\"https:\\\/\\\/www.sk-uvgele.de\\\/wp-content\\\/uploads\\\/2023\\\/07\\\/sk-logo-dark_.png\",\"contentUrl\":\"https:\\\/\\\/www.sk-uvgele.de\\\/wp-content\\\/uploads\\\/2023\\\/07\\\/sk-logo-dark_.png\",\"width\":287,\"height\":120,\"caption\":\"SK UV Gele GmbH\"},\"image\":{\"@id\":\"https:\\\/\\\/www.sk-uvgele.de\\\/#\\\/schema\\\/logo\\\/image\\\/\"}}]}<\/script>\n<!-- \/ Yoast SEO plugin. -->","yoast_head_json":{"title":"Impressum - UV Gele made in germany - SK UV Gele GmbH","description":"Imprint","robots":{"index":"noindex","follow":"nofollow"},"og_locale":"en_GB","og_type":"article","og_title":"Impressum - UV Gele made in germany - SK UV Gele GmbH","og_description":"Impressum","og_url":"https:\/\/www.sk-uvgele.de\/en\/imprint\/","og_site_name":"UV Gele made in germany - SK UV Gele GmbH","article_modified_time":"2025-02-03T14:56:25+00:00","og_image":[{"width":2560,"height":1440,"url":"https:\/\/www.sk-uvgele.de\/wp-content\/uploads\/2023\/01\/Isolated-splash-of-red-liquid-on-a-white-background-7530.jpg","type":"image\/jpeg"}],"twitter_card":"summary_large_image","twitter_misc":{"Estimated reading time":"1 minute"},"schema":{"@context":"https:\/\/schema.org","@graph":[{"@type":"WebPage","@id":"https:\/\/www.sk-uvgele.de\/imprint\/","url":"https:\/\/www.sk-uvgele.de\/imprint\/","name":"Impressum - UV Gele made in germany - SK UV Gele GmbH","isPartOf":{"@id":"https:\/\/www.sk-uvgele.de\/#website"},"primaryImageOfPage":{"@id":"https:\/\/www.sk-uvgele.de\/imprint\/#primaryimage"},"image":{"@id":"https:\/\/www.sk-uvgele.de\/imprint\/#primaryimage"},"thumbnailUrl":"","datePublished":"2020-10-13T08:57:08+00:00","dateModified":"2025-02-03T14:56:25+00:00","description":"Imprint","breadcrumb":{"@id":"https:\/\/www.sk-uvgele.de\/imprint\/#breadcrumb"},"inLanguage":"en-GB","potentialAction":[{"@type":"ReadAction","target":["https:\/\/www.sk-uvgele.de\/imprint\/"]}]},{"@type":"ImageObject","inLanguage":"en-GB","@id":"https:\/\/www.sk-uvgele.de\/imprint\/#primaryimage","url":"","contentUrl":""},{"@type":"BreadcrumbList","@id":"https:\/\/www.sk-uvgele.de\/imprint\/#breadcrumb","itemListElement":[{"@type":"ListItem","position":1,"name":"Home","item":"https:\/\/www.sk-uvgele.de\/"},{"@type":"ListItem","position":2,"name":"Impressum"}]},{"@type":"WebSite","@id":"https:\/\/www.sk-uvgele.de\/#website","url":"https:\/\/www.sk-uvgele.de\/","name":"UV Gele made in germany - SK UV Gele GmbH","description":"Ihr Private Label Hersteller f\u00fcr UV Gele in Deutschland","publisher":{"@id":"https:\/\/www.sk-uvgele.de\/#organization"},"alternateName":"SK UV Gele GmbH","potentialAction":[{"@type":"SearchAction","target":{"@type":"EntryPoint","urlTemplate":"https:\/\/www.sk-uvgele.de\/?s={search_term_string}"},"query-input":{"@type":"PropertyValueSpecification","valueRequired":true,"valueName":"search_term_string"}}],"inLanguage":"en-GB"},{"@type":"Organization","@id":"https:\/\/www.sk-uvgele.de\/#organization","name":"SK UV Gele GmbH","alternateName":"SK UV Gele GmbH","url":"https:\/\/www.sk-uvgele.de\/","logo":{"@type":"ImageObject","inLanguage":"en-GB","@id":"https:\/\/www.sk-uvgele.de\/#\/schema\/logo\/image\/","url":"https:\/\/www.sk-uvgele.de\/wp-content\/uploads\/2023\/07\/sk-logo-dark_.png","contentUrl":"https:\/\/www.sk-uvgele.de\/wp-content\/uploads\/2023\/07\/sk-logo-dark_.png","width":287,"height":120,"caption":"SK UV Gele GmbH"},"image":{"@id":"https:\/\/www.sk-uvgele.de\/#\/schema\/logo\/image\/"}}]}},"_links":{"self":[{"href":"https:\/\/www.sk-uvgele.de\/en\/wp-json\/wp\/v2\/pages\/6954","targetHints":{"allow":["GET"]}}],"collection":[{"href":"https:\/\/www.sk-uvgele.de\/en\/wp-json\/wp\/v2\/pages"}],"about":[{"href":"https:\/\/www.sk-uvgele.de\/en\/wp-json\/wp\/v2\/types\/page"}],"author":[{"embeddable":true,"href":"https:\/\/www.sk-uvgele.de\/en\/wp-json\/wp\/v2\/users\/6"}],"replies":[{"embeddable":true,"href":"https:\/\/www.sk-uvgele.de\/en\/wp-json\/wp\/v2\/comments?post=6954"}],"version-history":[{"count":0,"href":"https:\/\/www.sk-uvgele.de\/en\/wp-json\/wp\/v2\/pages\/6954\/revisions"}],"wp:featuredmedia":[{"embeddable":true,"href":"https:\/\/www.sk-uvgele.de\/en\/wp-json\/"}],"wp:attachment":[{"href":"https:\/\/www.sk-uvgele.de\/en\/wp-json\/wp\/v2\/media?parent=6954"}],"curies":[{"name":"wp","href":"https:\/\/api.w.org\/{rel}","templated":true}]}}