{"id":9669,"date":"2023-03-02T13:52:31","date_gmt":"2023-03-02T12:52:31","guid":{"rendered":"https:\/\/www.sk-uvgele.de\/?page_id=9669"},"modified":"2024-12-02T13:00:19","modified_gmt":"2024-12-02T12:00:19","slug":"top-100","status":"publish","type":"page","link":"https:\/\/www.sk-uvgele.de\/en\/top-100\/","title":{"rendered":"TOP 100"},"content":{"rendered":"<div data-elementor-type=\"wp-page\" data-elementor-id=\"9669\" class=\"elementor elementor-9669\" data-elementor-post-type=\"page\">\n\t\t\t\t\t\t<section class=\"elementor-section elementor-top-section elementor-element elementor-element-828928f elementor-section-full_width elementor-section-stretched elementor-section-height-default elementor-section-height-default\" data-id=\"828928f\" data-element_type=\"section\" data-e-type=\"section\" data-settings=\"{&quot;background_background&quot;:&quot;classic&quot;,&quot;stretch_section&quot;:&quot;section-stretched&quot;}\">\n\t\t\t\t\t\t<div class=\"elementor-container elementor-column-gap-no\">\n\t\t\t\t\t<div class=\"elementor-column elementor-col-100 elementor-top-column elementor-element elementor-element-9e0e89f\" data-id=\"9e0e89f\" data-element_type=\"column\" data-e-type=\"column\">\n\t\t\t<div class=\"elementor-widget-wrap elementor-element-populated\">\n\t\t\t\t\t\t<div class=\"elementor-element elementor-element-a80e336 elementor-widget elementor-widget-heading\" data-id=\"a80e336\" data-element_type=\"widget\" data-e-type=\"widget\" data-widget_type=\"heading.default\">\n\t\t\t\t<div class=\"elementor-widget-container\">\n\t\t\t\t\t<h1 class=\"elementor-heading-title elementor-size-default\">TOP 100 Award<\/h1>\t\t\t\t<\/div>\n\t\t\t\t<\/div>\n\t\t\t\t\t<\/div>\n\t\t<\/div>\n\t\t\t\t\t<\/div>\n\t\t<\/section>\n\t\t<div class=\"elementor-element elementor-element-045252a e-flex e-con-boxed elementor-invisible e-con e-parent\" data-id=\"045252a\" data-element_type=\"container\" data-e-type=\"container\" data-settings=\"{&quot;animation&quot;:&quot;fadeInUp&quot;}\">\n\t\t\t\t\t<div class=\"e-con-inner\">\n\t\t<div class=\"elementor-element elementor-element-d6c54e0 e-con-full e-flex e-con e-child\" data-id=\"d6c54e0\" data-element_type=\"container\" data-e-type=\"container\">\n\t\t\t\t<div class=\"elementor-element elementor-element-4ebd119 elementor-widget elementor-widget-heading\" data-id=\"4ebd119\" data-element_type=\"widget\" data-e-type=\"widget\" data-widget_type=\"heading.default\">\n\t\t\t\t<div class=\"elementor-widget-container\">\n\t\t\t\t\t<h2 class=\"elementor-heading-title elementor-size-default\">SME award for the hidden champion from M\u00f6nchengladbach<\/h2>\t\t\t\t<\/div>\n\t\t\t\t<\/div>\n\t\t\t\t<\/div>\n\t\t<div class=\"elementor-element elementor-element-1f1af4a e-con-full e-flex e-con e-child\" data-id=\"1f1af4a\" data-element_type=\"container\" data-e-type=\"container\" data-settings=\"{&quot;background_background&quot;:&quot;classic&quot;}\">\n\t\t\t\t<div class=\"elementor-element elementor-element-87a8fce elementor-widget elementor-widget-image\" data-id=\"87a8fce\" data-element_type=\"widget\" data-e-type=\"widget\" data-widget_type=\"image.default\">\n\t\t\t\t<div class=\"elementor-widget-container\">\n\t\t\t\t\t\t\t\t\t\t\t\t\t\t\t<img fetchpriority=\"high\" decoding=\"async\" width=\"2560\" height=\"1707\" src=\"https:\/\/www.sk-uvgele.de\/wp-content\/uploads\/2022\/10\/J.Rolfes.UVGele230201.0099-2.ret14_Edit_y-scaled.jpg\" class=\"attachment-full size-full wp-image-9564\" alt=\"Image-Bild von Nicole &amp; Oliver Simon posiert mit TOP-Innovator 2023 -Auszeichnung f\u00fcr SK UV Gele\" srcset=\"https:\/\/www.sk-uvgele.de\/wp-content\/uploads\/2022\/10\/J.Rolfes.UVGele230201.0099-2.ret14_Edit_y-scaled.jpg 2560w, https:\/\/www.sk-uvgele.de\/wp-content\/uploads\/2022\/10\/J.Rolfes.UVGele230201.0099-2.ret14_Edit_y-1536x1024.jpg 1536w, https:\/\/www.sk-uvgele.de\/wp-content\/uploads\/2022\/10\/J.Rolfes.UVGele230201.0099-2.ret14_Edit_y-2048x1366.jpg 2048w, https:\/\/www.sk-uvgele.de\/wp-content\/uploads\/2022\/10\/J.Rolfes.UVGele230201.0099-2.ret14_Edit_y-18x12.jpg 18w, https:\/\/www.sk-uvgele.de\/wp-content\/uploads\/2022\/10\/J.Rolfes.UVGele230201.0099-2.ret14_Edit_y-200x133.jpg 200w\" sizes=\"(max-width: 2560px) 100vw, 2560px\" \/>\t\t\t\t\t\t\t\t\t\t\t\t\t\t\t<\/div>\n\t\t\t\t<\/div>\n\t\t\t\t<\/div>\n\t\t\t\t\t<\/div>\n\t\t\t\t<\/div>\n\t\t\t\t<section class=\"elementor-section elementor-top-section elementor-element elementor-element-f252850 elementor-section-boxed elementor-section-height-default elementor-section-height-default\" data-id=\"f252850\" data-element_type=\"section\" data-e-type=\"section\">\n\t\t\t\t\t\t<div class=\"elementor-container elementor-column-gap-default\">\n\t\t\t\t\t<div class=\"elementor-column elementor-col-100 elementor-top-column elementor-element elementor-element-811298d articel-headline\" data-id=\"811298d\" data-element_type=\"column\" data-e-type=\"column\" data-settings=\"{&quot;background_background&quot;:&quot;classic&quot;}\">\n\t\t\t<div class=\"elementor-widget-wrap elementor-element-populated\">\n\t\t\t\t\t\t<div class=\"elementor-element elementor-element-f410124 elementor-widget elementor-widget-heading\" data-id=\"f410124\" data-element_type=\"widget\" data-e-type=\"widget\" data-widget_type=\"heading.default\">\n\t\t\t\t<div class=\"elementor-widget-container\">\n\t\t\t\t\t<p class=\"elementor-heading-title elementor-size-default\">TOP Innovator 2023<\/p>\t\t\t\t<\/div>\n\t\t\t\t<\/div>\n\t\t\t\t\t<\/div>\n\t\t<\/div>\n\t\t\t\t\t<\/div>\n\t\t<\/section>\n\t\t\t\t<section class=\"elementor-section elementor-top-section elementor-element elementor-element-1616a75 article-content elementor-section-boxed elementor-section-height-default elementor-section-height-default elementor-invisible\" data-id=\"1616a75\" data-element_type=\"section\" data-e-type=\"section\" data-settings=\"{&quot;animation&quot;:&quot;fadeInUp&quot;}\">\n\t\t\t\t\t\t<div class=\"elementor-container elementor-column-gap-default\">\n\t\t\t\t\t<div class=\"elementor-column elementor-col-50 elementor-top-column elementor-element elementor-element-ee35546\" data-id=\"ee35546\" data-element_type=\"column\" data-e-type=\"column\">\n\t\t\t<div class=\"elementor-widget-wrap elementor-element-populated\">\n\t\t\t\t\t\t<div class=\"elementor-element elementor-element-d0f376e elementor-widget elementor-widget-image\" data-id=\"d0f376e\" data-element_type=\"widget\" data-e-type=\"widget\" data-widget_type=\"image.default\">\n\t\t\t\t<div class=\"elementor-widget-container\">\n\t\t\t\t\t\t\t\t\t\t\t\t\t\t\t<img decoding=\"async\" width=\"2400\" height=\"1601\" src=\"https:\/\/www.sk-uvgele.de\/wp-content\/uploads\/2023\/03\/J.Rolfes.UVGele230201.0373.ret6_.jpg\" class=\"attachment-full size-full wp-image-9691\" alt=\"Nicole Simon h\u00e4lt den Auszeichnung in der Hand als Top-Innovator 2023.\" srcset=\"https:\/\/www.sk-uvgele.de\/wp-content\/uploads\/2023\/03\/J.Rolfes.UVGele230201.0373.ret6_.jpg 2400w, https:\/\/www.sk-uvgele.de\/wp-content\/uploads\/2023\/03\/J.Rolfes.UVGele230201.0373.ret6_-1536x1025.jpg 1536w, https:\/\/www.sk-uvgele.de\/wp-content\/uploads\/2023\/03\/J.Rolfes.UVGele230201.0373.ret6_-2048x1366.jpg 2048w, https:\/\/www.sk-uvgele.de\/wp-content\/uploads\/2023\/03\/J.Rolfes.UVGele230201.0373.ret6_-18x12.jpg 18w, https:\/\/www.sk-uvgele.de\/wp-content\/uploads\/2023\/03\/J.Rolfes.UVGele230201.0373.ret6_-200x133.jpg 200w\" sizes=\"(max-width: 2400px) 100vw, 2400px\" \/>\t\t\t\t\t\t\t\t\t\t\t\t\t\t\t<\/div>\n\t\t\t\t<\/div>\n\t\t\t\t<div class=\"elementor-element elementor-element-7b66e80 elementor-widget elementor-widget-text-editor\" data-id=\"7b66e80\" data-element_type=\"widget\" data-e-type=\"widget\" data-widget_type=\"text-editor.default\">\n\t\t\t\t<div class=\"elementor-widget-container\">\n\t\t\t\t\t\t\t\t\t<p>90% of all companies in Germany are family businesses, according to the latest figures from ifm Bonn (Institut f\u00fcr Mittelstandsforschung). By ifm's definition, they make up the Mittelstand in Germany, which generates around 37% of all sales, employs 56% of all people on social security, and is thus rightly the backbone of the German economy.<\/p><p>Under the patronage of business journalist Ranga Yogeshwar, the TOP 100 competition selects the hundred best medium-sized companies each year - in 2023, SK UV Gele GmbH from M\u00f6nchengladbach is one of these honored top innovators.<\/p><p>\"I am celebrating my 30th anniversary in the cosmetics industry this year,\" said company founder Nicole Simon. \"The award crowns this anniversary year and confirms my team and I in our efforts to continue to set new impulses in a rapidly developing industry.\"<\/p><p>Together with her husband Oliver, Nicole Simon founded SK-UV-Gele GmbH in 2010, one of the leading suppliers of high-quality nail gels in Europe. The GmbH is a milestone of the group of companies, which also includes the renowned Beauty Resort Nicole Simon in M\u00f6nchengladbach and the premium nail polish brand Look-To-Go.<\/p><p>SK-UV-Gele GmbH convinced the top-class jury under the scientific direction of Prof. Dr. Nikolaus Franke from the Vienna University of Economics and Business Administration, one of the world's leading innovation experts, in the five categories to be evaluated.<\/p><p>Innovative strength is part of SK-UV-Gele GmbH's strategy for success: \"The beauty industry is changing continuously and at a rapid pace. Success is only possible if you are willing to go the extra mile,\" Nicole Simon explains the success.<\/p>\t\t\t\t\t\t\t\t<\/div>\n\t\t\t\t<\/div>\n\t\t\t\t\t<\/div>\n\t\t<\/div>\n\t\t\t\t<div class=\"elementor-column elementor-col-50 elementor-top-column elementor-element elementor-element-892b4a8\" data-id=\"892b4a8\" data-element_type=\"column\" data-e-type=\"column\">\n\t\t\t<div class=\"elementor-widget-wrap elementor-element-populated\">\n\t\t\t\t\t\t<div class=\"elementor-element elementor-element-14f7de4 elementor-widget elementor-widget-text-editor\" data-id=\"14f7de4\" data-element_type=\"widget\" data-e-type=\"widget\" data-widget_type=\"text-editor.default\">\n\t\t\t\t<div class=\"elementor-widget-container\">\n\t\t\t\t\t\t\t\t\t<p>\"We are constantly working on new ideas and innovative strategies, and are constantly putting ourselves, our actions and our recipes to the test in a self-critical manner. This happens as a team with our employees. The paths are short, decisions are made quickly, the smallness of a family business makes the size of the success.\"<\/p><p>The figures of i.p.g. (Institute for Professional Foundation Consulting) confirm that about four million women used the services of professional nail designers in 2021.<\/p><p>In Germany alone, the i.p.g. - not counting the nail designers who work at home - counted 37,000 nail studios, and the trend is rising.<\/p><p>Beyond fast-moving trends, Nicole Simon sees above all the growing demand for environmental awareness and sustainability as innovation drivers for strategies, concepts and formulations. SK-UV-Gele GmbH works tirelessly to develop resource-saving solutions. The company's first successful product was Suvanaro in 2022, a UV gel based on a completely new composition of natural components such as sugar cane and tree resin.<\/p><p>This makes SK UV-Gele GmbH the first producer of a UV gel made from renewable raw materials.<\/p><p>The TOP 100 award ceremony will take place on June 23, 2023, as part of the German SME Summit at the \"Kongress am Park\" in Augsburg.<\/p>\t\t\t\t\t\t\t\t<\/div>\n\t\t\t\t<\/div>\n\t\t\t\t<div class=\"elementor-element elementor-element-ce1d9ab elementor-widget elementor-widget-image\" data-id=\"ce1d9ab\" data-element_type=\"widget\" data-e-type=\"widget\" data-widget_type=\"image.default\">\n\t\t\t\t<div class=\"elementor-widget-container\">\n\t\t\t\t\t\t\t\t\t\t\t\t\t\t\t<img decoding=\"async\" width=\"2560\" height=\"1877\" src=\"https:\/\/www.sk-uvgele.de\/wp-content\/uploads\/2023\/10\/SK_Nicole_Simon_Oliver_Simon_commitforourplanet-scaled.webp\" class=\"attachment-full size-full wp-image-11718\" alt=\"\" srcset=\"https:\/\/www.sk-uvgele.de\/wp-content\/uploads\/2023\/10\/SK_Nicole_Simon_Oliver_Simon_commitforourplanet-scaled.webp 2560w, https:\/\/www.sk-uvgele.de\/wp-content\/uploads\/2023\/10\/SK_Nicole_Simon_Oliver_Simon_commitforourplanet-1536x1126.webp 1536w, https:\/\/www.sk-uvgele.de\/wp-content\/uploads\/2023\/10\/SK_Nicole_Simon_Oliver_Simon_commitforourplanet-2048x1502.webp 2048w, https:\/\/www.sk-uvgele.de\/wp-content\/uploads\/2023\/10\/SK_Nicole_Simon_Oliver_Simon_commitforourplanet-16x12.webp 16w, https:\/\/www.sk-uvgele.de\/wp-content\/uploads\/2023\/10\/SK_Nicole_Simon_Oliver_Simon_commitforourplanet-200x147.webp 200w\" sizes=\"(max-width: 2560px) 100vw, 2560px\" \/>\t\t\t\t\t\t\t\t\t\t\t\t\t\t\t<\/div>\n\t\t\t\t<\/div>\n\t\t\t\t<div class=\"elementor-element elementor-element-672ed1f elementor-widget elementor-widget-image\" data-id=\"672ed1f\" data-element_type=\"widget\" data-e-type=\"widget\" data-widget_type=\"image.default\">\n\t\t\t\t<div class=\"elementor-widget-container\">\n\t\t\t\t\t\t\t\t\t\t\t\t\t\t\t<img loading=\"lazy\" decoding=\"async\" width=\"2400\" height=\"1600\" src=\"https:\/\/www.sk-uvgele.de\/wp-content\/uploads\/2023\/03\/J.Rolfes.UVGele230201.0559.ret5_edit-1.jpg\" class=\"attachment-full size-full wp-image-9692\" alt=\"TOP 100-Auszeichnung 2023 als Top Innovator.\" srcset=\"https:\/\/www.sk-uvgele.de\/wp-content\/uploads\/2023\/03\/J.Rolfes.UVGele230201.0559.ret5_edit-1.jpg 2400w, https:\/\/www.sk-uvgele.de\/wp-content\/uploads\/2023\/03\/J.Rolfes.UVGele230201.0559.ret5_edit-1-1536x1024.jpg 1536w, https:\/\/www.sk-uvgele.de\/wp-content\/uploads\/2023\/03\/J.Rolfes.UVGele230201.0559.ret5_edit-1-2048x1365.jpg 2048w, https:\/\/www.sk-uvgele.de\/wp-content\/uploads\/2023\/03\/J.Rolfes.UVGele230201.0559.ret5_edit-1-18x12.jpg 18w, https:\/\/www.sk-uvgele.de\/wp-content\/uploads\/2023\/03\/J.Rolfes.UVGele230201.0559.ret5_edit-1-200x133.jpg 200w\" sizes=\"(max-width: 2400px) 100vw, 2400px\" \/>\t\t\t\t\t\t\t\t\t\t\t\t\t\t\t<\/div>\n\t\t\t\t<\/div>\n\t\t\t\t\t<\/div>\n\t\t<\/div>\n\t\t\t\t\t<\/div>\n\t\t<\/section>\n\t\t\t\t<\/div>","protected":false},"excerpt":{"rendered":"<p>TOP 100 Auszeichnung Mittelstandspreis f\u00fcr den Hidden Champion aus M\u00f6nchengladbach TOP Innovator 2023 90% aller Unternehmen in Deutschland sind Familienunternehmen, so die aktuellen Zahlen des ifm Bonn (Institut f\u00fcr Mittelstandsforschung). Qua Definition des ifm stellen sie den Mittelstand in Deutschland, der rund 37% aller Ums\u00e4tze erwirtschaftet, 56% aller Sozialpflichtigen besch\u00e4ftigt und damit zu Recht das [&hellip;]<\/p>\n","protected":false},"author":6,"featured_media":0,"parent":0,"menu_order":0,"comment_status":"closed","ping_status":"closed","template":"","meta":{"footnotes":""},"class_list":["post-9669","page","type-page","status-publish","hentry"],"yoast_head":"<!-- This site is optimized with the Yoast SEO plugin v27.4 - https:\/\/yoast.com\/product\/yoast-seo-wordpress\/ -->\n<title>TOP 100 - UV Gele made in germany - SK UV Gele GmbH<\/title>\n<meta name=\"description\" content=\"Mittelstandspreis f\u00fcr den Hidden Champion aus M\u00f6nchengladbach in der Kategorie &quot;TOP Innovator 2023&quot; UV Gele made in germany - SK UV Gele GmbH\" \/>\n<meta name=\"robots\" content=\"index, follow, max-snippet:-1, max-image-preview:large, max-video-preview:-1\" \/>\n<link rel=\"canonical\" href=\"https:\/\/www.sk-uvgele.de\/en\/top-100\/\" \/>\n<meta property=\"og:locale\" content=\"en_GB\" \/>\n<meta property=\"og:type\" content=\"article\" \/>\n<meta property=\"og:title\" content=\"TOP 100 - UV Gele made in germany - SK UV Gele GmbH\" \/>\n<meta property=\"og:description\" content=\"Mittelstandspreis f\u00fcr den Hidden Champion aus M\u00f6nchengladbach in der Kategorie &quot;TOP Innovator 2023&quot; UV Gele made in germany - SK UV Gele GmbH\" \/>\n<meta property=\"og:url\" content=\"https:\/\/www.sk-uvgele.de\/en\/top-100\/\" \/>\n<meta property=\"og:site_name\" content=\"UV Gele made in germany - SK UV Gele GmbH\" \/>\n<meta property=\"article:modified_time\" content=\"2024-12-02T12:00:19+00:00\" \/>\n<meta property=\"og:image\" content=\"https:\/\/www.sk-uvgele.de\/wp-content\/uploads\/2022\/10\/J.Rolfes.UVGele230201.0099-2.ret14_Edit_y-scaled.jpg\" \/>\n<meta name=\"twitter:card\" content=\"summary_large_image\" \/>\n<meta name=\"twitter:label1\" content=\"Estimated reading time\" \/>\n\t<meta name=\"twitter:data1\" content=\"4 minutes\" \/>\n<script type=\"application\/ld+json\" class=\"yoast-schema-graph\">{\"@context\":\"https:\\\/\\\/schema.org\",\"@graph\":[{\"@type\":\"WebPage\",\"@id\":\"https:\\\/\\\/www.sk-uvgele.de\\\/top-100\\\/\",\"url\":\"https:\\\/\\\/www.sk-uvgele.de\\\/top-100\\\/\",\"name\":\"TOP 100 - UV Gele made in germany - SK UV Gele GmbH\",\"isPartOf\":{\"@id\":\"https:\\\/\\\/www.sk-uvgele.de\\\/#website\"},\"primaryImageOfPage\":{\"@id\":\"https:\\\/\\\/www.sk-uvgele.de\\\/top-100\\\/#primaryimage\"},\"image\":{\"@id\":\"https:\\\/\\\/www.sk-uvgele.de\\\/top-100\\\/#primaryimage\"},\"thumbnailUrl\":\"https:\\\/\\\/www.sk-uvgele.de\\\/wp-content\\\/uploads\\\/2022\\\/10\\\/J.Rolfes.UVGele230201.0099-2.ret14_Edit_y-scaled.jpg\",\"datePublished\":\"2023-03-02T12:52:31+00:00\",\"dateModified\":\"2024-12-02T12:00:19+00:00\",\"description\":\"Mittelstandspreis f\u00fcr den Hidden Champion aus M\u00f6nchengladbach in der Kategorie \\\"TOP Innovator 2023\\\" UV Gele made in germany - SK UV Gele GmbH\",\"breadcrumb\":{\"@id\":\"https:\\\/\\\/www.sk-uvgele.de\\\/top-100\\\/#breadcrumb\"},\"inLanguage\":\"en-GB\",\"potentialAction\":[{\"@type\":\"ReadAction\",\"target\":[\"https:\\\/\\\/www.sk-uvgele.de\\\/top-100\\\/\"]}]},{\"@type\":\"ImageObject\",\"inLanguage\":\"en-GB\",\"@id\":\"https:\\\/\\\/www.sk-uvgele.de\\\/top-100\\\/#primaryimage\",\"url\":\"https:\\\/\\\/www.sk-uvgele.de\\\/wp-content\\\/uploads\\\/2022\\\/10\\\/J.Rolfes.UVGele230201.0099-2.ret14_Edit_y-scaled.jpg\",\"contentUrl\":\"https:\\\/\\\/www.sk-uvgele.de\\\/wp-content\\\/uploads\\\/2022\\\/10\\\/J.Rolfes.UVGele230201.0099-2.ret14_Edit_y-scaled.jpg\"},{\"@type\":\"BreadcrumbList\",\"@id\":\"https:\\\/\\\/www.sk-uvgele.de\\\/top-100\\\/#breadcrumb\",\"itemListElement\":[{\"@type\":\"ListItem\",\"position\":1,\"name\":\"Home\",\"item\":\"https:\\\/\\\/www.sk-uvgele.de\\\/\"},{\"@type\":\"ListItem\",\"position\":2,\"name\":\"TOP 100\"}]},{\"@type\":\"WebSite\",\"@id\":\"https:\\\/\\\/www.sk-uvgele.de\\\/#website\",\"url\":\"https:\\\/\\\/www.sk-uvgele.de\\\/\",\"name\":\"UV Gele made in germany - SK UV Gele GmbH\",\"description\":\"Ihr Private Label Hersteller f\u00fcr UV Gele in Deutschland\",\"publisher\":{\"@id\":\"https:\\\/\\\/www.sk-uvgele.de\\\/#organization\"},\"alternateName\":\"SK UV Gele GmbH\",\"potentialAction\":[{\"@type\":\"SearchAction\",\"target\":{\"@type\":\"EntryPoint\",\"urlTemplate\":\"https:\\\/\\\/www.sk-uvgele.de\\\/?s={search_term_string}\"},\"query-input\":{\"@type\":\"PropertyValueSpecification\",\"valueRequired\":true,\"valueName\":\"search_term_string\"}}],\"inLanguage\":\"en-GB\"},{\"@type\":\"Organization\",\"@id\":\"https:\\\/\\\/www.sk-uvgele.de\\\/#organization\",\"name\":\"SK UV Gele GmbH\",\"alternateName\":\"SK UV Gele GmbH\",\"url\":\"https:\\\/\\\/www.sk-uvgele.de\\\/\",\"logo\":{\"@type\":\"ImageObject\",\"inLanguage\":\"en-GB\",\"@id\":\"https:\\\/\\\/www.sk-uvgele.de\\\/#\\\/schema\\\/logo\\\/image\\\/\",\"url\":\"https:\\\/\\\/www.sk-uvgele.de\\\/wp-content\\\/uploads\\\/2023\\\/07\\\/sk-logo-dark_.png\",\"contentUrl\":\"https:\\\/\\\/www.sk-uvgele.de\\\/wp-content\\\/uploads\\\/2023\\\/07\\\/sk-logo-dark_.png\",\"width\":287,\"height\":120,\"caption\":\"SK UV Gele GmbH\"},\"image\":{\"@id\":\"https:\\\/\\\/www.sk-uvgele.de\\\/#\\\/schema\\\/logo\\\/image\\\/\"}}]}<\/script>\n<!-- \/ Yoast SEO plugin. -->","yoast_head_json":{"title":"TOP 100 - UV Gele made in germany - SK UV Gele GmbH","description":"Mittelstandspreis f\u00fcr den Hidden Champion aus M\u00f6nchengladbach in der Kategorie \"TOP Innovator 2023\" UV Gele made in germany - SK UV Gele GmbH","robots":{"index":"index","follow":"follow","max-snippet":"max-snippet:-1","max-image-preview":"max-image-preview:large","max-video-preview":"max-video-preview:-1"},"canonical":"https:\/\/www.sk-uvgele.de\/en\/top-100\/","og_locale":"en_GB","og_type":"article","og_title":"TOP 100 - UV Gele made in germany - SK UV Gele GmbH","og_description":"Mittelstandspreis f\u00fcr den Hidden Champion aus M\u00f6nchengladbach in der Kategorie \"TOP Innovator 2023\" UV Gele made in germany - SK UV Gele GmbH","og_url":"https:\/\/www.sk-uvgele.de\/en\/top-100\/","og_site_name":"UV Gele made in germany - SK UV Gele GmbH","article_modified_time":"2024-12-02T12:00:19+00:00","og_image":[{"url":"https:\/\/www.sk-uvgele.de\/wp-content\/uploads\/2022\/10\/J.Rolfes.UVGele230201.0099-2.ret14_Edit_y-scaled.jpg","type":"","width":"","height":""}],"twitter_card":"summary_large_image","twitter_misc":{"Estimated reading time":"4 minutes"},"schema":{"@context":"https:\/\/schema.org","@graph":[{"@type":"WebPage","@id":"https:\/\/www.sk-uvgele.de\/top-100\/","url":"https:\/\/www.sk-uvgele.de\/top-100\/","name":"TOP 100 - UV Gele made in germany - SK UV Gele GmbH","isPartOf":{"@id":"https:\/\/www.sk-uvgele.de\/#website"},"primaryImageOfPage":{"@id":"https:\/\/www.sk-uvgele.de\/top-100\/#primaryimage"},"image":{"@id":"https:\/\/www.sk-uvgele.de\/top-100\/#primaryimage"},"thumbnailUrl":"https:\/\/www.sk-uvgele.de\/wp-content\/uploads\/2022\/10\/J.Rolfes.UVGele230201.0099-2.ret14_Edit_y-scaled.jpg","datePublished":"2023-03-02T12:52:31+00:00","dateModified":"2024-12-02T12:00:19+00:00","description":"Mittelstandspreis f\u00fcr den Hidden Champion aus M\u00f6nchengladbach in der Kategorie \"TOP Innovator 2023\" UV Gele made in germany - SK UV Gele GmbH","breadcrumb":{"@id":"https:\/\/www.sk-uvgele.de\/top-100\/#breadcrumb"},"inLanguage":"en-GB","potentialAction":[{"@type":"ReadAction","target":["https:\/\/www.sk-uvgele.de\/top-100\/"]}]},{"@type":"ImageObject","inLanguage":"en-GB","@id":"https:\/\/www.sk-uvgele.de\/top-100\/#primaryimage","url":"https:\/\/www.sk-uvgele.de\/wp-content\/uploads\/2022\/10\/J.Rolfes.UVGele230201.0099-2.ret14_Edit_y-scaled.jpg","contentUrl":"https:\/\/www.sk-uvgele.de\/wp-content\/uploads\/2022\/10\/J.Rolfes.UVGele230201.0099-2.ret14_Edit_y-scaled.jpg"},{"@type":"BreadcrumbList","@id":"https:\/\/www.sk-uvgele.de\/top-100\/#breadcrumb","itemListElement":[{"@type":"ListItem","position":1,"name":"Home","item":"https:\/\/www.sk-uvgele.de\/"},{"@type":"ListItem","position":2,"name":"TOP 100"}]},{"@type":"WebSite","@id":"https:\/\/www.sk-uvgele.de\/#website","url":"https:\/\/www.sk-uvgele.de\/","name":"UV Gele made in germany - SK UV Gele GmbH","description":"Ihr Private Label Hersteller f\u00fcr UV Gele in Deutschland","publisher":{"@id":"https:\/\/www.sk-uvgele.de\/#organization"},"alternateName":"SK UV Gele GmbH","potentialAction":[{"@type":"SearchAction","target":{"@type":"EntryPoint","urlTemplate":"https:\/\/www.sk-uvgele.de\/?s={search_term_string}"},"query-input":{"@type":"PropertyValueSpecification","valueRequired":true,"valueName":"search_term_string"}}],"inLanguage":"en-GB"},{"@type":"Organization","@id":"https:\/\/www.sk-uvgele.de\/#organization","name":"SK UV Gele GmbH","alternateName":"SK UV Gele GmbH","url":"https:\/\/www.sk-uvgele.de\/","logo":{"@type":"ImageObject","inLanguage":"en-GB","@id":"https:\/\/www.sk-uvgele.de\/#\/schema\/logo\/image\/","url":"https:\/\/www.sk-uvgele.de\/wp-content\/uploads\/2023\/07\/sk-logo-dark_.png","contentUrl":"https:\/\/www.sk-uvgele.de\/wp-content\/uploads\/2023\/07\/sk-logo-dark_.png","width":287,"height":120,"caption":"SK UV Gele GmbH"},"image":{"@id":"https:\/\/www.sk-uvgele.de\/#\/schema\/logo\/image\/"}}]}},"_links":{"self":[{"href":"https:\/\/www.sk-uvgele.de\/en\/wp-json\/wp\/v2\/pages\/9669","targetHints":{"allow":["GET"]}}],"collection":[{"href":"https:\/\/www.sk-uvgele.de\/en\/wp-json\/wp\/v2\/pages"}],"about":[{"href":"https:\/\/www.sk-uvgele.de\/en\/wp-json\/wp\/v2\/types\/page"}],"author":[{"embeddable":true,"href":"https:\/\/www.sk-uvgele.de\/en\/wp-json\/wp\/v2\/users\/6"}],"replies":[{"embeddable":true,"href":"https:\/\/www.sk-uvgele.de\/en\/wp-json\/wp\/v2\/comments?post=9669"}],"version-history":[{"count":0,"href":"https:\/\/www.sk-uvgele.de\/en\/wp-json\/wp\/v2\/pages\/9669\/revisions"}],"wp:attachment":[{"href":"https:\/\/www.sk-uvgele.de\/en\/wp-json\/wp\/v2\/media?parent=9669"}],"curies":[{"name":"wp","href":"https:\/\/api.w.org\/{rel}","templated":true}]}}